{"id":95,"date":"2022-01-27T10:58:29","date_gmt":"2022-01-27T10:58:29","guid":{"rendered":"http:\/\/cognito.mprinsdesign.nl\/?page_id=95"},"modified":"2025-12-23T15:53:40","modified_gmt":"2025-12-23T15:53:40","slug":"il-complesso","status":"publish","type":"page","link":"https:\/\/lagunaone-mijas.com\/it\/il-complesso\/","title":{"rendered":"Informazioni su Laguna Mijas"},"content":{"rendered":"<section class=\"wpb-content-wrapper\"><div  class=\"content_row row page-content vc_row wpb_row  default-style fullwidth\" >\n\t\n\t<div class=\"content_row_wrapper  default\" >\n\t<div id=\"asdasd\" class=\"vc_col-sm-12 wpb_column vc_column_container\" >\n\t<div class=\"vc_column-inner\">\n\t\t<div class=\"wpb_wrapper\" >\n\t\t\t<div class=\"rt_heading_wrapper no-style\">\n\t\t\t\t\t\t<h1 class=\"rt_heading  no-style\"  style=\"font-size:24px;margin-top:24px;margin-bottom:0px;\">Laguna One Mijas \u2013 <span class=\"after_h1\">Un&#039;oasi di pace e raffinatezza<\/span><\/h1> \n\t\t\t\t\t<\/div><div class=\"vc_empty_space\"   style=\"height: 32px\"><span class=\"vc_empty_space_inner\"><\/span><\/div><div class=\"vc_separator wpb_content_element vc_separator_align_center vc_sep_width_100 vc_sep_style-4 vc_sep_pos_align_center vc_separator_no_text vc_sep_color_grey\" ><span class=\"vc_sep_holder vc_sep_holder_l\"><span class=\"vc_sep_line\"><\/span><\/span><span class=\"vc_sep_holder vc_sep_holder_r\"><span class=\"vc_sep_line\"><\/span><\/span>\n<\/div><div class=\"vc_empty_space\"   style=\"height: 32px\"><span class=\"vc_empty_space_inner\"><\/span><\/div>\n\t<div class=\"wpb_text_column wpb_content_element\" >\n\t\t<div class=\"wpb_wrapper\">\n\t\t\t<div class=\"\">\n<p>LAGUNA ONE Mijas si trova in una zona privilegiata, circondata dalle rinomate zone residenziali di Jardines de las Lagunas I e II. Questo quartiere fiorente \u00e8 diventato uno dei pi\u00f9 ricercati della zona, grazie a<br \/>\ngrazie alla combinazione di infrastrutture moderne, aree verdi e vicinanza ai servizi essenziali. Questo moderno progetto residenziale \u00e8 composto da 116 eleganti loft con una camera da letto. Queste case sono progettate per persone che apprezzano la funzionalit\u00e0, la comodit\u00e0 e un eccellente rapporto qualit\u00e0-prezzo. La posizione \u00e8 molto ambita sia come residenza permanente che come casa vacanze. <strong>Perfetto come prima casa, seconda residenza o investimento intelligente.<\/strong><\/p>\n<p><strong data-start=\"589\" data-end=\"618\">Caratteristiche delle case<\/strong><\/p>\n<ul data-start=\"619\" data-end=\"905\">\n<li data-start=\"619\" data-end=\"649\">\n<p data-start=\"621\" data-end=\"649\">Planimetrie aperte e luminose<\/p>\n<\/li>\n<li data-start=\"650\" data-end=\"691\">\n<p data-start=\"652\" data-end=\"691\">Terrazze come estensione della casa<\/p>\n<\/li>\n<li data-start=\"692\" data-end=\"744\">\n<p data-start=\"694\" data-end=\"744\">Materiali caldi e naturali e finiture moderne<\/p>\n<\/li>\n<li data-start=\"745\" data-end=\"776\">\n<p data-start=\"747\" data-end=\"776\">Parcheggio privato incluso<\/p>\n<\/li>\n<li data-start=\"777\" data-end=\"905\">\n<p data-start=\"779\" data-end=\"905\">Servizi in comune: piscina, palestra, spazio di coworking e area barbecue<\/p>\n<\/li>\n<\/ul>\n<p>Vivere qui significa far parte di una comunit\u00e0 in crescita e di alta qualit\u00e0 che offre il perfetto equilibrio tra comfort, praticit\u00e0 e potenziale di investimento.<\/p>\n<\/div>\n\n\t\t<\/div>\n\t<\/div>\n\n\t<div  class=\"wpb_single_image wpb_content_element vc_align_center\">\n\t\t\n\t\t<figure class=\"wpb_wrapper vc_figure\">\n\t\t\t<div class=\"vc_single_image-wrapper   vc_box_border_grey\"><img fetchpriority=\"high\" decoding=\"async\" width=\"2560\" height=\"1440\" src=\"https:\/\/lagunaone-mijas.com\/wp-content\/uploads\/sites\/54\/2022\/10\/LAGUNAONE_7-scaled.jpg\" class=\"vc_single_image-img attachment-full\" alt=\"\" title=\"LAGUNAONE_7\" srcset=\"https:\/\/lagunaone-mijas.com\/wp-content\/uploads\/sites\/54\/2022\/10\/LAGUNAONE_7-scaled.jpg 2560w, https:\/\/lagunaone-mijas.com\/wp-content\/uploads\/sites\/54\/2022\/10\/LAGUNAONE_7-300x169.jpg 300w, https:\/\/lagunaone-mijas.com\/wp-content\/uploads\/sites\/54\/2022\/10\/LAGUNAONE_7-1024x576.jpg 1024w, https:\/\/lagunaone-mijas.com\/wp-content\/uploads\/sites\/54\/2022\/10\/LAGUNAONE_7-768x432.jpg 768w, https:\/\/lagunaone-mijas.com\/wp-content\/uploads\/sites\/54\/2022\/10\/LAGUNAONE_7-1536x864.jpg 1536w, https:\/\/lagunaone-mijas.com\/wp-content\/uploads\/sites\/54\/2022\/10\/LAGUNAONE_7-2048x1152.jpg 2048w, https:\/\/lagunaone-mijas.com\/wp-content\/uploads\/sites\/54\/2022\/10\/LAGUNAONE_7-18x10.jpg 18w\" sizes=\"(max-width: 2560px) 100vw, 2560px\" \/><\/div>\n\t\t<\/figure>\n\t<\/div>\n<div class=\"vc_btn3-container vc_btn3-center\" id=\"info\" ><a class=\"vc_general vc_btn3 vc_btn3-size-md vc_btn3-shape-square vc_btn3-style-modern vc_btn3-color-warning\" href=\"https:\/\/lagunaone-mijas.com\/it\/maggiori-informazioni\/\" title=\"Maggiori informazioni\">RICHIEDI PACCHETTO INFORMAZIONI<\/a><\/div>\n\t<div class=\"wpb_text_column wpb_content_element\" >\n\t\t<div class=\"wpb_wrapper\">\n\t\t\t<p>Gli interni sono progettati per offrire un&#039;esperienza abitativa calda e moderna. Gli spazi aperti collegano in modo armonioso il soggiorno, la cucina e la camera da letto, mentre i toni caldi e i materiali naturali accuratamente selezionati creano un&#039;atmosfera luminosa ed equilibrata.<br \/>\nLa terrazza, concepita come un&#039;estensione della casa, invita a godere quotidianamente della luce e dell&#039;ambiente circostante.<\/p>\n\n\t\t<\/div>\n\t<\/div>\n\n\t<div  class=\"wpb_single_image wpb_content_element vc_align_center\">\n\t\t\n\t\t<figure class=\"wpb_wrapper vc_figure\">\n\t\t\t<div class=\"vc_single_image-wrapper   vc_box_border_grey\"><img decoding=\"async\" width=\"2560\" height=\"1440\" src=\"https:\/\/lagunaone-mijas.com\/wp-content\/uploads\/sites\/54\/2022\/03\/LAGUNAONE_5-scaled.jpg\" class=\"vc_single_image-img attachment-full\" alt=\"\" title=\"LAGUNAONE_5\" srcset=\"https:\/\/lagunaone-mijas.com\/wp-content\/uploads\/sites\/54\/2022\/03\/LAGUNAONE_5-scaled.jpg 2560w, https:\/\/lagunaone-mijas.com\/wp-content\/uploads\/sites\/54\/2022\/03\/LAGUNAONE_5-300x169.jpg 300w, https:\/\/lagunaone-mijas.com\/wp-content\/uploads\/sites\/54\/2022\/03\/LAGUNAONE_5-1024x576.jpg 1024w, https:\/\/lagunaone-mijas.com\/wp-content\/uploads\/sites\/54\/2022\/03\/LAGUNAONE_5-768x432.jpg 768w, https:\/\/lagunaone-mijas.com\/wp-content\/uploads\/sites\/54\/2022\/03\/LAGUNAONE_5-1536x864.jpg 1536w, https:\/\/lagunaone-mijas.com\/wp-content\/uploads\/sites\/54\/2022\/03\/LAGUNAONE_5-2048x1152.jpg 2048w, https:\/\/lagunaone-mijas.com\/wp-content\/uploads\/sites\/54\/2022\/03\/LAGUNAONE_5-18x10.jpg 18w\" sizes=\"(max-width: 2560px) 100vw, 2560px\" \/><\/div>\n\t\t<\/figure>\n\t<\/div>\n\n\t<div class=\"wpb_text_column wpb_content_element\" >\n\t\t<div class=\"wpb_wrapper\">\n\t\t\t<div class=\"\">\n<p><strong>Prezzi Laguna One<\/strong><\/p>\n<p>Laguna One dispone di soli appartamenti con una camera da letto e un bagno, tutti dotati di terrazza, cucina completamente attrezzata, bagno, parcheggio sotterraneo privato e ripostiglio.<\/p>\n<p>A seconda della posizione e della superficie, i prezzi di acquisto sono<strong> da 251.000 euro<\/strong>. I prezzi di acquisto si intendono IVA esclusa 10%.<\/p>\n<p><em><strong>Sii veloce - <a href=\"https:\/\/lagunaone-mijas.com\/it\/maggiori-informazioni\/\">richiedi il pacchetto informativo<\/a> \u2013 la prima scelta \u00e8 la scelta migliore.<\/strong><\/em><\/p>\n<\/div>\n\n\t\t<\/div>\n\t<\/div>\n\n\t<div class=\"wpb_text_column wpb_content_element\" >\n\t\t<div class=\"wpb_wrapper\">\n\t\t\t<p>Desideri ricevere le ultime informazioni su disponibilit\u00e0 e prezzi? Chiedici <a href=\"http:\/\/meer-informatie\/\"><strong>pacchetto informativo con informazioni dettagliate e opuscolo su &gt;&gt;&gt;<\/strong><\/a><\/p>\n<p>Hai una domanda specifica o desideri fissare un appuntamento? Chiama Ron de Vries al +34 677 67 04 80<\/p>\n\n\t\t<\/div>\n\t<\/div>\n<div class=\"vc_btn3-container vc_btn3-center\" ><a class=\"vc_general vc_btn3 vc_btn3-size-md vc_btn3-shape-square vc_btn3-style-modern vc_btn3-color-warning\" href=\"https:\/\/lagunaone-mijas.com\/it\/maggiori-informazioni\/\" title=\"Maggiori informazioni\">RICHIEDI PACCHETTO INFORMAZIONI<\/a><\/div>\n\t\t<\/div>\n\t<\/div>\n\t<\/div>\n\n<\/div>\n<\/div>\n\n<div  class=\"content_row row page-content vc_row wpb_row  default-style fullwidth\" style=\"background-color: #bbac8c;\">\n\t\n\t<div class=\"content_row_wrapper  default\" >\n\t<div id=\"asdasd\" class=\"vc_col-sm-12 wpb_column vc_column_container\" >\n\t<div class=\"vc_column-inner\">\n\t\t<div class=\"wpb_wrapper\" >\n\t\t\t<div class=\"rt_heading_wrapper no-style\">\n\t\t\t\t\t\t<h1 class=\"rt_heading  no-style\"  style=\"font-size:24px;margin-top:24px;margin-bottom:0px;\">Caratteristiche - <span class=\"after_h1 white\">Laguna Mijas<\/span><\/h1> \n\t\t\t\t\t<\/div><div class=\"vc_empty_space\"   style=\"height: 32px\"><span class=\"vc_empty_space_inner\"><\/span><\/div><div class=\"vc_separator wpb_content_element vc_separator_align_center vc_sep_width_100 vc_sep_style-4 vc_sep_pos_align_center vc_separator_no_text vc_sep_color_grey\" ><span class=\"vc_sep_holder vc_sep_holder_l\"><span class=\"vc_sep_line\"><\/span><\/span><span class=\"vc_sep_holder vc_sep_holder_r\"><span class=\"vc_sep_line\"><\/span><\/span>\n<\/div>\n\t<div class=\"wpb_text_column wpb_content_element\" >\n\t\t<div class=\"wpb_wrapper\">\n\t\t\t\t \n\t\t<div  class=\"bullet-list style-1  check\">\n\t\t<ul>\n<li>5 minuti dalla spiaggia<\/li>\n<li>20 minuti dall&#039;aeroporto<\/li>\n<li>1, 2, 3 o 4 camere da letto<\/li>\n<li>Ampie terrazze<\/li>\n<li>Piscine<\/li>\n<li>Area benessere<\/li>\n<li>Spazio di co-working<\/li>\n<li>Moderna sala fitness<\/li>\n<li>Costruzione ecosostenibile<\/li>\n<\/ul>\n\n\t\t<\/div>\n\t\n\n\t\t<\/div>\n\t<\/div>\n\n\t\t<\/div>\n\t<\/div>\n\t<\/div>\n\n<\/div>\n<\/div>\n\n<div  class=\"content_row row quote-row vc_row wpb_row  default-style fullwidth\" style=\"background-color: #fcfcfc;\">\n\t\n\t<div class=\"content_row_wrapper  fullwidth\" >\n\t<div id=\"asdasd\" class=\"vc_col-sm-12 wpb_column vc_column_container vc_custom_1644925648982\" >\n\t<div class=\"vc_column-inner\">\n\t\t<div class=\"wpb_wrapper\" >\n\t\t\t<div class=\"rt_heading_wrapper style-3\">\n\t\t\t\t\t\t<h4 class=\"rt_heading serif quote-max-width style-3\" >Pacchetto informativo Laguna Mijas <a href=\"https:\/\/lagunaone-mijas.com\/it\/maggiori-informazioni\/\"> Richiedi la brochure e il listino prezzi aggiornato <\/a><\/h4> \n\t\t\t\t\t<\/div>\n\t\t<\/div>\n\t<\/div>\n\t<\/div>\n\n<\/div>\n<\/div>\n\n<div  class=\"content_row row vc_row wpb_row  default-style fullwidth\" >\n\t\n\t<div class=\"content_row_wrapper  default\" >\n\t<div id=\"asdasd\" class=\"vc_col-sm-12 wpb_column vc_column_container\" >\n\t<div class=\"vc_column-inner\">\n\t\t<div class=\"wpb_wrapper\" >\n\t\t\t<div class=\"vc_btn3-container vc_btn3-center\" ><a class=\"vc_general vc_btn3 vc_btn3-size-md vc_btn3-shape-square vc_btn3-style-modern vc_btn3-color-warning\" href=\"https:\/\/lagunaone-mijas.com\/it\/maggiori-informazioni\/\" title=\"Maggiori informazioni\">RICHIEDI PACCHETTO INFORMAZIONI<\/a><\/div>\n\t\t<\/div>\n\t<\/div>\n\t<\/div>\n\n<\/div>\n<\/div>\n<\/section>","protected":false},"excerpt":{"rendered":"<p>\u2026 <a class=\"more-link\" href=\"https:\/\/lagunaone-mijas.com\/it\/il-complesso\/\">Continua a leggere<\/a><\/p>","protected":false},"author":1,"featured_media":4221,"parent":0,"menu_order":3,"comment_status":"closed","ping_status":"closed","template":"","meta":{"footnotes":""},"class_list":["post-95","page","type-page","status-publish","has-post-thumbnail","hentry"],"yoast_head":"<!-- This site is optimized with the Yoast SEO plugin v26.0 - https:\/\/yoast.com\/wordpress\/plugins\/seo\/ -->\n<title>Over Laguna Mijas - Laguna One Mijas<\/title>\n<meta name=\"robots\" content=\"index, follow, max-snippet:-1, max-image-preview:large, max-video-preview:-1\" \/>\n<link rel=\"canonical\" href=\"https:\/\/lagunaone-mijas.com\/it\/il-complesso\/\" \/>\n<meta property=\"og:locale\" content=\"it_IT\" \/>\n<meta property=\"og:type\" content=\"article\" \/>\n<meta property=\"og:title\" content=\"Over Laguna Mijas - Laguna One Mijas\" \/>\n<meta property=\"og:url\" content=\"https:\/\/lagunaone-mijas.com\/it\/il-complesso\/\" \/>\n<meta property=\"og:site_name\" content=\"Laguna One Mijas\" \/>\n<meta property=\"article:modified_time\" content=\"2025-12-23T15:53:40+00:00\" \/>\n<meta property=\"og:image\" content=\"https:\/\/lagunaone-mijas.com\/wp-content\/uploads\/sites\/54\/2025\/05\/LAGUNAONE_0-scaled.jpg\" \/>\n\t<meta property=\"og:image:width\" content=\"2560\" \/>\n\t<meta property=\"og:image:height\" content=\"1440\" \/>\n\t<meta property=\"og:image:type\" content=\"image\/jpeg\" \/>\n<meta name=\"twitter:card\" content=\"summary_large_image\" \/>\n<meta name=\"twitter:label1\" content=\"Tempo di lettura stimato\" \/>\n\t<meta name=\"twitter:data1\" content=\"4 minuti\" \/>\n<script type=\"application\/ld+json\" class=\"yoast-schema-graph\">{\"@context\":\"https:\/\/schema.org\",\"@graph\":[{\"@type\":\"WebPage\",\"@id\":\"https:\/\/lagunaone-mijas.com\/het-complex\/\",\"url\":\"https:\/\/lagunaone-mijas.com\/het-complex\/\",\"name\":\"Over Laguna Mijas - Laguna One Mijas\",\"isPartOf\":{\"@id\":\"https:\/\/lagunaone-mijas.com\/#website\"},\"primaryImageOfPage\":{\"@id\":\"https:\/\/lagunaone-mijas.com\/het-complex\/#primaryimage\"},\"image\":{\"@id\":\"https:\/\/lagunaone-mijas.com\/het-complex\/#primaryimage\"},\"thumbnailUrl\":\"https:\/\/lagunaone-mijas.com\/wp-content\/uploads\/sites\/54\/2025\/05\/LAGUNAONE_0-scaled.jpg\",\"datePublished\":\"2022-01-27T10:58:29+00:00\",\"dateModified\":\"2025-12-23T15:53:40+00:00\",\"breadcrumb\":{\"@id\":\"https:\/\/lagunaone-mijas.com\/het-complex\/#breadcrumb\"},\"inLanguage\":\"it-IT\",\"potentialAction\":[{\"@type\":\"ReadAction\",\"target\":[\"https:\/\/lagunaone-mijas.com\/het-complex\/\"]}]},{\"@type\":\"ImageObject\",\"inLanguage\":\"it-IT\",\"@id\":\"https:\/\/lagunaone-mijas.com\/het-complex\/#primaryimage\",\"url\":\"https:\/\/lagunaone-mijas.com\/wp-content\/uploads\/sites\/54\/2025\/05\/LAGUNAONE_0-scaled.jpg\",\"contentUrl\":\"https:\/\/lagunaone-mijas.com\/wp-content\/uploads\/sites\/54\/2025\/05\/LAGUNAONE_0-scaled.jpg\",\"width\":2560,\"height\":1440},{\"@type\":\"BreadcrumbList\",\"@id\":\"https:\/\/lagunaone-mijas.com\/het-complex\/#breadcrumb\",\"itemListElement\":[{\"@type\":\"ListItem\",\"position\":1,\"name\":\"Home\",\"item\":\"https:\/\/lagunaone-mijas.com\/\"},{\"@type\":\"ListItem\",\"position\":2,\"name\":\"Over Laguna Mijas\"}]},{\"@type\":\"WebSite\",\"@id\":\"https:\/\/lagunaone-mijas.com\/#website\",\"url\":\"https:\/\/lagunaone-mijas.com\/\",\"name\":\"Laguna One Mijas\",\"description\":\"Leef de leefstijl die je verdient\",\"potentialAction\":[{\"@type\":\"SearchAction\",\"target\":{\"@type\":\"EntryPoint\",\"urlTemplate\":\"https:\/\/lagunaone-mijas.com\/?s={search_term_string}\"},\"query-input\":{\"@type\":\"PropertyValueSpecification\",\"valueRequired\":true,\"valueName\":\"search_term_string\"}}],\"inLanguage\":\"it-IT\"}]}<\/script>\n<!-- \/ Yoast SEO plugin. -->","yoast_head_json":{"title":"Informazioni su Laguna Mijas - Laguna One Mijas","robots":{"index":"index","follow":"follow","max-snippet":"max-snippet:-1","max-image-preview":"max-image-preview:large","max-video-preview":"max-video-preview:-1"},"canonical":"https:\/\/lagunaone-mijas.com\/it\/il-complesso\/","og_locale":"it_IT","og_type":"article","og_title":"Over Laguna Mijas - Laguna One Mijas","og_url":"https:\/\/lagunaone-mijas.com\/it\/il-complesso\/","og_site_name":"Laguna One Mijas","article_modified_time":"2025-12-23T15:53:40+00:00","og_image":[{"width":2560,"height":1440,"url":"https:\/\/lagunaone-mijas.com\/wp-content\/uploads\/sites\/54\/2025\/05\/LAGUNAONE_0-scaled.jpg","type":"image\/jpeg"}],"twitter_card":"summary_large_image","twitter_misc":{"Tempo di lettura stimato":"4 minuti"},"schema":{"@context":"https:\/\/schema.org","@graph":[{"@type":"WebPage","@id":"https:\/\/lagunaone-mijas.com\/het-complex\/","url":"https:\/\/lagunaone-mijas.com\/het-complex\/","name":"Informazioni su Laguna Mijas - Laguna One Mijas","isPartOf":{"@id":"https:\/\/lagunaone-mijas.com\/#website"},"primaryImageOfPage":{"@id":"https:\/\/lagunaone-mijas.com\/het-complex\/#primaryimage"},"image":{"@id":"https:\/\/lagunaone-mijas.com\/het-complex\/#primaryimage"},"thumbnailUrl":"https:\/\/lagunaone-mijas.com\/wp-content\/uploads\/sites\/54\/2025\/05\/LAGUNAONE_0-scaled.jpg","datePublished":"2022-01-27T10:58:29+00:00","dateModified":"2025-12-23T15:53:40+00:00","breadcrumb":{"@id":"https:\/\/lagunaone-mijas.com\/het-complex\/#breadcrumb"},"inLanguage":"it-IT","potentialAction":[{"@type":"ReadAction","target":["https:\/\/lagunaone-mijas.com\/het-complex\/"]}]},{"@type":"ImageObject","inLanguage":"it-IT","@id":"https:\/\/lagunaone-mijas.com\/het-complex\/#primaryimage","url":"https:\/\/lagunaone-mijas.com\/wp-content\/uploads\/sites\/54\/2025\/05\/LAGUNAONE_0-scaled.jpg","contentUrl":"https:\/\/lagunaone-mijas.com\/wp-content\/uploads\/sites\/54\/2025\/05\/LAGUNAONE_0-scaled.jpg","width":2560,"height":1440},{"@type":"BreadcrumbList","@id":"https:\/\/lagunaone-mijas.com\/het-complex\/#breadcrumb","itemListElement":[{"@type":"ListItem","position":1,"name":"Home","item":"https:\/\/lagunaone-mijas.com\/"},{"@type":"ListItem","position":2,"name":"Over Laguna Mijas"}]},{"@type":"WebSite","@id":"https:\/\/lagunaone-mijas.com\/#website","url":"https:\/\/lagunaone-mijas.com\/","name":"Laguna One Mijas","description":"Vivi lo stile di vita che meriti","potentialAction":[{"@type":"SearchAction","target":{"@type":"EntryPoint","urlTemplate":"https:\/\/lagunaone-mijas.com\/?s={search_term_string}"},"query-input":{"@type":"PropertyValueSpecification","valueRequired":true,"valueName":"search_term_string"}}],"inLanguage":"it-IT"}]}},"_links":{"self":[{"href":"https:\/\/lagunaone-mijas.com\/it\/wp-json\/wp\/v2\/pages\/95","targetHints":{"allow":["GET"]}}],"collection":[{"href":"https:\/\/lagunaone-mijas.com\/it\/wp-json\/wp\/v2\/pages"}],"about":[{"href":"https:\/\/lagunaone-mijas.com\/it\/wp-json\/wp\/v2\/types\/page"}],"author":[{"embeddable":true,"href":"https:\/\/lagunaone-mijas.com\/it\/wp-json\/wp\/v2\/users\/1"}],"replies":[{"embeddable":true,"href":"https:\/\/lagunaone-mijas.com\/it\/wp-json\/wp\/v2\/comments?post=95"}],"version-history":[{"count":57,"href":"https:\/\/lagunaone-mijas.com\/it\/wp-json\/wp\/v2\/pages\/95\/revisions"}],"predecessor-version":[{"id":4263,"href":"https:\/\/lagunaone-mijas.com\/it\/wp-json\/wp\/v2\/pages\/95\/revisions\/4263"}],"wp:featuredmedia":[{"embeddable":true,"href":"https:\/\/lagunaone-mijas.com\/it\/wp-json\/wp\/v2\/media\/4221"}],"wp:attachment":[{"href":"https:\/\/lagunaone-mijas.com\/it\/wp-json\/wp\/v2\/media?parent=95"}],"curies":[{"name":"wp","href":"https:\/\/api.w.org\/{rel}","templated":true}]}}