{"id":95,"date":"2022-01-27T10:58:29","date_gmt":"2022-01-27T10:58:29","guid":{"rendered":"http:\/\/cognito.mprinsdesign.nl\/?page_id=95"},"modified":"2025-12-23T15:53:40","modified_gmt":"2025-12-23T15:53:40","slug":"le-complexe","status":"publish","type":"page","link":"https:\/\/lagunaone-mijas.com\/fr\/le-complexe\/","title":{"rendered":"\u00c0 propos de Laguna Mijas"},"content":{"rendered":"<section class=\"wpb-content-wrapper\"><div  class=\"content_row row page-content vc_row wpb_row  default-style fullwidth\" >\n\t\n\t<div class=\"content_row_wrapper  default\" >\n\t<div id=\"asdasd\" class=\"vc_col-sm-12 wpb_column vc_column_container\" >\n\t<div class=\"vc_column-inner\">\n\t\t<div class=\"wpb_wrapper\" >\n\t\t\t<div class=\"rt_heading_wrapper no-style\">\n\t\t\t\t\t\t<h1 class=\"rt_heading  no-style\"  style=\"font-size:24px;margin-top:24px;margin-bottom:0px;\">Laguna One Mijas \u2013 <span class=\"after_h1\">Une oasis de paix et de raffinement<\/span><\/h1> \n\t\t\t\t\t<\/div><div class=\"vc_empty_space\"   style=\"height: 32px\"><span class=\"vc_empty_space_inner\"><\/span><\/div><div class=\"vc_separator wpb_content_element vc_separator_align_center vc_sep_width_100 vc_sep_style-4 vc_sep_pos_align_center vc_separator_no_text vc_sep_color_grey\" ><span class=\"vc_sep_holder vc_sep_holder_l\"><span class=\"vc_sep_line\"><\/span><\/span><span class=\"vc_sep_holder vc_sep_holder_r\"><span class=\"vc_sep_line\"><\/span><\/span>\n<\/div><div class=\"vc_empty_space\"   style=\"height: 32px\"><span class=\"vc_empty_space_inner\"><\/span><\/div>\n\t<div class=\"wpb_text_column wpb_content_element\" >\n\t\t<div class=\"wpb_wrapper\">\n\t\t\t<div class=\"\">\n<p>LAGUNA ONE Mijas est situ\u00e9 dans une zone privil\u00e9gi\u00e9e, entour\u00e9 des quartiers r\u00e9sidentiels \u00e9tablis de Jardines de las Lagunas I et II. Ce quartier florissant est devenu l&#039;un des plus recherch\u00e9s de la r\u00e9gion, gr\u00e2ce \u00e0<br \/>\ngr\u00e2ce \u00e0 la combinaison d&#039;infrastructures modernes, d&#039;espaces verts et de proximit\u00e9 des services essentiels. Ce projet r\u00e9sidentiel moderne se compose de 116 \u00e9l\u00e9gants appartements loft d&#039;une chambre. Ces maisons sont con\u00e7ues pour les personnes qui appr\u00e9cient la fonctionnalit\u00e9, le confort et un excellent rapport qualit\u00e9-prix. L&#039;emplacement est tr\u00e8s populaire pour la r\u00e9sidence permanente et la location de vacances. <strong>Parfait comme premi\u00e8re maison, r\u00e9sidence secondaire ou investissement intelligent.<\/strong><\/p>\n<p><strong data-start=\"589\" data-end=\"618\">Caract\u00e9ristiques des maisons<\/strong><\/p>\n<ul data-start=\"619\" data-end=\"905\">\n<li data-start=\"619\" data-end=\"649\">\n<p data-start=\"621\" data-end=\"649\">Plans d&#039;\u00e9tage ouverts et lumineux<\/p>\n<\/li>\n<li data-start=\"650\" data-end=\"691\">\n<p data-start=\"652\" data-end=\"691\">Les terrasses comme extension de la maison<\/p>\n<\/li>\n<li data-start=\"692\" data-end=\"744\">\n<p data-start=\"694\" data-end=\"744\">Mat\u00e9riaux chaleureux et naturels et finition moderne<\/p>\n<\/li>\n<li data-start=\"745\" data-end=\"776\">\n<p data-start=\"747\" data-end=\"776\">Parking priv\u00e9 inclus<\/p>\n<\/li>\n<li data-start=\"777\" data-end=\"905\">\n<p data-start=\"779\" data-end=\"905\">Installations communes : piscine, salle de fitness, espace de coworking et espace barbecue<\/p>\n<\/li>\n<\/ul>\n<p>Vivre ici signifie faire partie d\u2019une communaut\u00e9 en pleine croissance et de haute qualit\u00e9 qui offre l\u2019\u00e9quilibre parfait entre confort, commodit\u00e9 et potentiel d\u2019investissement.<\/p>\n<\/div>\n\n\t\t<\/div>\n\t<\/div>\n\n\t<div  class=\"wpb_single_image wpb_content_element vc_align_center\">\n\t\t\n\t\t<figure class=\"wpb_wrapper vc_figure\">\n\t\t\t<div class=\"vc_single_image-wrapper   vc_box_border_grey\"><img fetchpriority=\"high\" decoding=\"async\" width=\"2560\" height=\"1440\" src=\"https:\/\/lagunaone-mijas.com\/wp-content\/uploads\/sites\/54\/2022\/10\/LAGUNAONE_7-scaled.jpg\" class=\"vc_single_image-img attachment-full\" alt=\"\" title=\"LAGUNAONE_7\" srcset=\"https:\/\/lagunaone-mijas.com\/wp-content\/uploads\/sites\/54\/2022\/10\/LAGUNAONE_7-scaled.jpg 2560w, https:\/\/lagunaone-mijas.com\/wp-content\/uploads\/sites\/54\/2022\/10\/LAGUNAONE_7-300x169.jpg 300w, https:\/\/lagunaone-mijas.com\/wp-content\/uploads\/sites\/54\/2022\/10\/LAGUNAONE_7-1024x576.jpg 1024w, https:\/\/lagunaone-mijas.com\/wp-content\/uploads\/sites\/54\/2022\/10\/LAGUNAONE_7-768x432.jpg 768w, https:\/\/lagunaone-mijas.com\/wp-content\/uploads\/sites\/54\/2022\/10\/LAGUNAONE_7-1536x864.jpg 1536w, https:\/\/lagunaone-mijas.com\/wp-content\/uploads\/sites\/54\/2022\/10\/LAGUNAONE_7-2048x1152.jpg 2048w, https:\/\/lagunaone-mijas.com\/wp-content\/uploads\/sites\/54\/2022\/10\/LAGUNAONE_7-18x10.jpg 18w\" sizes=\"(max-width: 2560px) 100vw, 2560px\" \/><\/div>\n\t\t<\/figure>\n\t<\/div>\n<div class=\"vc_btn3-container vc_btn3-center\" id=\"info\" ><a class=\"vc_general vc_btn3 vc_btn3-size-md vc_btn3-shape-square vc_btn3-style-modern vc_btn3-color-warning\" href=\"https:\/\/lagunaone-mijas.com\/fr\/plus-dinformation\/\" title=\"Plus d&#039;information\">DEMANDER UN DOSSIER D&#039;INFORMATIONS<\/a><\/div>\n\t<div class=\"wpb_text_column wpb_content_element\" >\n\t\t<div class=\"wpb_wrapper\">\n\t\t\t<p>L&#039;int\u00e9rieur est con\u00e7u pour offrir une exp\u00e9rience de vie chaleureuse et moderne. Les espaces ouverts relient harmonieusement le salon, la cuisine et la chambre, tandis que les tons chauds et les mat\u00e9riaux naturels soigneusement s\u00e9lectionn\u00e9s cr\u00e9ent une atmosph\u00e8re lumineuse et \u00e9quilibr\u00e9e.<br \/>\nLa terrasse, con\u00e7ue comme une extension de votre maison, vous invite \u00e0 profiter au quotidien de la lumi\u00e8re et de l&#039;environnement.<\/p>\n\n\t\t<\/div>\n\t<\/div>\n\n\t<div  class=\"wpb_single_image wpb_content_element vc_align_center\">\n\t\t\n\t\t<figure class=\"wpb_wrapper vc_figure\">\n\t\t\t<div class=\"vc_single_image-wrapper   vc_box_border_grey\"><img decoding=\"async\" width=\"2560\" height=\"1440\" src=\"https:\/\/lagunaone-mijas.com\/wp-content\/uploads\/sites\/54\/2022\/03\/LAGUNAONE_5-scaled.jpg\" class=\"vc_single_image-img attachment-full\" alt=\"\" title=\"LAGUNAONE_5\" srcset=\"https:\/\/lagunaone-mijas.com\/wp-content\/uploads\/sites\/54\/2022\/03\/LAGUNAONE_5-scaled.jpg 2560w, https:\/\/lagunaone-mijas.com\/wp-content\/uploads\/sites\/54\/2022\/03\/LAGUNAONE_5-300x169.jpg 300w, https:\/\/lagunaone-mijas.com\/wp-content\/uploads\/sites\/54\/2022\/03\/LAGUNAONE_5-1024x576.jpg 1024w, https:\/\/lagunaone-mijas.com\/wp-content\/uploads\/sites\/54\/2022\/03\/LAGUNAONE_5-768x432.jpg 768w, https:\/\/lagunaone-mijas.com\/wp-content\/uploads\/sites\/54\/2022\/03\/LAGUNAONE_5-1536x864.jpg 1536w, https:\/\/lagunaone-mijas.com\/wp-content\/uploads\/sites\/54\/2022\/03\/LAGUNAONE_5-2048x1152.jpg 2048w, https:\/\/lagunaone-mijas.com\/wp-content\/uploads\/sites\/54\/2022\/03\/LAGUNAONE_5-18x10.jpg 18w\" sizes=\"(max-width: 2560px) 100vw, 2560px\" \/><\/div>\n\t\t<\/figure>\n\t<\/div>\n\n\t<div class=\"wpb_text_column wpb_content_element\" >\n\t\t<div class=\"wpb_wrapper\">\n\t\t\t<div class=\"\">\n<p><strong>Tarifs Laguna One<\/strong><\/p>\n<p>Laguna One ne dispose que d&#039;appartements d&#039;une chambre et d&#039;une salle de bain, tous avec terrasses, cuisines et salles de bains enti\u00e8rement \u00e9quip\u00e9es et avec parking souterrain priv\u00e9 et stockage.<\/p>\n<p>En fonction de l&#039;emplacement et de la surface au sol, les prix d&#039;achat sont<strong> \u00e0 partir de 251 000 euros<\/strong>. Les prix d&#039;achat s&#039;entendent hors TVA 10%.<\/p>\n<p><em><strong>Soyez rapide \u2013 <a href=\"https:\/\/lagunaone-mijas.com\/fr\/plus-dinformation\/\">demander le dossier d&#039;information<\/a> \u2013 le premier choix est le meilleur choix.<\/strong><\/em><\/p>\n<\/div>\n\n\t\t<\/div>\n\t<\/div>\n\n\t<div class=\"wpb_text_column wpb_content_element\" >\n\t\t<div class=\"wpb_wrapper\">\n\t\t\t<p>Souhaitez-vous recevoir les derni\u00e8res informations sur la disponibilit\u00e9 et les prix? Demandez nous <a href=\"http:\/\/meer-informatie\/\"><strong>dossier d&#039;information avec des informations d\u00e9taill\u00e9es et une brochure sur &gt;&gt;&gt;<\/strong><\/a><\/p>\n<p>Vous avez une question pr\u00e9cise ou vous souhaitez prendre rendez-vous ? Appelez Ron de Vries au +34 677 67 04 80<\/p>\n\n\t\t<\/div>\n\t<\/div>\n<div class=\"vc_btn3-container vc_btn3-center\" ><a class=\"vc_general vc_btn3 vc_btn3-size-md vc_btn3-shape-square vc_btn3-style-modern vc_btn3-color-warning\" href=\"https:\/\/lagunaone-mijas.com\/fr\/plus-dinformation\/\" title=\"Plus d&#039;information\">DEMANDER UN DOSSIER D&#039;INFORMATIONS<\/a><\/div>\n\t\t<\/div>\n\t<\/div>\n\t<\/div>\n\n<\/div>\n<\/div>\n\n<div  class=\"content_row row page-content vc_row wpb_row  default-style fullwidth\" style=\"background-color: #bbac8c;\">\n\t\n\t<div class=\"content_row_wrapper  default\" >\n\t<div id=\"asdasd\" class=\"vc_col-sm-12 wpb_column vc_column_container\" >\n\t<div class=\"vc_column-inner\">\n\t\t<div class=\"wpb_wrapper\" >\n\t\t\t<div class=\"rt_heading_wrapper no-style\">\n\t\t\t\t\t\t<h1 class=\"rt_heading  no-style\"  style=\"font-size:24px;margin-top:24px;margin-bottom:0px;\">Caract\u00e9ristiques - <span class=\"after_h1 white\">Lagune de Mijas<\/span><\/h1> \n\t\t\t\t\t<\/div><div class=\"vc_empty_space\"   style=\"height: 32px\"><span class=\"vc_empty_space_inner\"><\/span><\/div><div class=\"vc_separator wpb_content_element vc_separator_align_center vc_sep_width_100 vc_sep_style-4 vc_sep_pos_align_center vc_separator_no_text vc_sep_color_grey\" ><span class=\"vc_sep_holder vc_sep_holder_l\"><span class=\"vc_sep_line\"><\/span><\/span><span class=\"vc_sep_holder vc_sep_holder_r\"><span class=\"vc_sep_line\"><\/span><\/span>\n<\/div>\n\t<div class=\"wpb_text_column wpb_content_element\" >\n\t\t<div class=\"wpb_wrapper\">\n\t\t\t\t \n\t\t<div  class=\"bullet-list style-1  check\">\n\t\t<ul>\n<li>\u00e0 5 min de la plage<\/li>\n<li>\u00e0 20 minutes de l&#039;a\u00e9roport<\/li>\n<li>1, 2, 3 ou 4 chambres<\/li>\n<li>Terrasses spacieuses<\/li>\n<li>Piscines<\/li>\n<li>Espace bien-\u00eatre<\/li>\n<li>Espace de coworking<\/li>\n<li>Salle de fitness moderne<\/li>\n<li>Construction respectueuse de l&#039;environnement<\/li>\n<\/ul>\n\n\t\t<\/div>\n\t\n\n\t\t<\/div>\n\t<\/div>\n\n\t\t<\/div>\n\t<\/div>\n\t<\/div>\n\n<\/div>\n<\/div>\n\n<div  class=\"content_row row quote-row vc_row wpb_row  default-style fullwidth\" style=\"background-color: #fcfcfc;\">\n\t\n\t<div class=\"content_row_wrapper  fullwidth\" >\n\t<div id=\"asdasd\" class=\"vc_col-sm-12 wpb_column vc_column_container vc_custom_1644925648982\" >\n\t<div class=\"vc_column-inner\">\n\t\t<div class=\"wpb_wrapper\" >\n\t\t\t<div class=\"rt_heading_wrapper style-3\">\n\t\t\t\t\t\t<h4 class=\"rt_heading serif quote-max-width style-3\" >Dossier d&#039;information Laguna Mijas <a href=\"https:\/\/lagunaone-mijas.com\/fr\/plus-dinformation\/\"> Demander la brochure et la derni\u00e8re liste de prix <\/a><\/h4> \n\t\t\t\t\t<\/div>\n\t\t<\/div>\n\t<\/div>\n\t<\/div>\n\n<\/div>\n<\/div>\n\n<div  class=\"content_row row vc_row wpb_row  default-style fullwidth\" >\n\t\n\t<div class=\"content_row_wrapper  default\" >\n\t<div id=\"asdasd\" class=\"vc_col-sm-12 wpb_column vc_column_container\" >\n\t<div class=\"vc_column-inner\">\n\t\t<div class=\"wpb_wrapper\" >\n\t\t\t<div class=\"vc_btn3-container vc_btn3-center\" ><a class=\"vc_general vc_btn3 vc_btn3-size-md vc_btn3-shape-square vc_btn3-style-modern vc_btn3-color-warning\" href=\"https:\/\/lagunaone-mijas.com\/fr\/plus-dinformation\/\" title=\"Plus d&#039;information\">DEMANDER UN DOSSIER D&#039;INFORMATIONS<\/a><\/div>\n\t\t<\/div>\n\t<\/div>\n\t<\/div>\n\n<\/div>\n<\/div>\n<\/section>","protected":false},"excerpt":{"rendered":"<p>\u2026 <a class=\"more-link\" href=\"https:\/\/lagunaone-mijas.com\/fr\/le-complexe\/\">continuer la lecture<\/a><\/p>","protected":false},"author":1,"featured_media":4221,"parent":0,"menu_order":3,"comment_status":"closed","ping_status":"closed","template":"","meta":{"footnotes":""},"class_list":["post-95","page","type-page","status-publish","has-post-thumbnail","hentry"],"yoast_head":"<!-- This site is optimized with the Yoast SEO plugin v26.0 - https:\/\/yoast.com\/wordpress\/plugins\/seo\/ -->\n<title>Over Laguna Mijas - Laguna One Mijas<\/title>\n<meta name=\"robots\" content=\"index, follow, max-snippet:-1, max-image-preview:large, max-video-preview:-1\" \/>\n<link rel=\"canonical\" href=\"https:\/\/lagunaone-mijas.com\/fr\/le-complexe\/\" \/>\n<meta property=\"og:locale\" content=\"fr_FR\" \/>\n<meta property=\"og:type\" content=\"article\" \/>\n<meta property=\"og:title\" content=\"Over Laguna Mijas - Laguna One Mijas\" \/>\n<meta property=\"og:url\" content=\"https:\/\/lagunaone-mijas.com\/fr\/le-complexe\/\" \/>\n<meta property=\"og:site_name\" content=\"Laguna One Mijas\" \/>\n<meta property=\"article:modified_time\" content=\"2025-12-23T15:53:40+00:00\" \/>\n<meta property=\"og:image\" content=\"https:\/\/lagunaone-mijas.com\/wp-content\/uploads\/sites\/54\/2025\/05\/LAGUNAONE_0-scaled.jpg\" \/>\n\t<meta property=\"og:image:width\" content=\"2560\" \/>\n\t<meta property=\"og:image:height\" content=\"1440\" \/>\n\t<meta property=\"og:image:type\" content=\"image\/jpeg\" \/>\n<meta name=\"twitter:card\" content=\"summary_large_image\" \/>\n<meta name=\"twitter:label1\" content=\"Dur\u00e9e de lecture estim\u00e9e\" \/>\n\t<meta name=\"twitter:data1\" content=\"4 minutes\" \/>\n<script type=\"application\/ld+json\" class=\"yoast-schema-graph\">{\"@context\":\"https:\/\/schema.org\",\"@graph\":[{\"@type\":\"WebPage\",\"@id\":\"https:\/\/lagunaone-mijas.com\/het-complex\/\",\"url\":\"https:\/\/lagunaone-mijas.com\/het-complex\/\",\"name\":\"Over Laguna Mijas - Laguna One Mijas\",\"isPartOf\":{\"@id\":\"https:\/\/lagunaone-mijas.com\/#website\"},\"primaryImageOfPage\":{\"@id\":\"https:\/\/lagunaone-mijas.com\/het-complex\/#primaryimage\"},\"image\":{\"@id\":\"https:\/\/lagunaone-mijas.com\/het-complex\/#primaryimage\"},\"thumbnailUrl\":\"https:\/\/lagunaone-mijas.com\/wp-content\/uploads\/sites\/54\/2025\/05\/LAGUNAONE_0-scaled.jpg\",\"datePublished\":\"2022-01-27T10:58:29+00:00\",\"dateModified\":\"2025-12-23T15:53:40+00:00\",\"breadcrumb\":{\"@id\":\"https:\/\/lagunaone-mijas.com\/het-complex\/#breadcrumb\"},\"inLanguage\":\"fr-FR\",\"potentialAction\":[{\"@type\":\"ReadAction\",\"target\":[\"https:\/\/lagunaone-mijas.com\/het-complex\/\"]}]},{\"@type\":\"ImageObject\",\"inLanguage\":\"fr-FR\",\"@id\":\"https:\/\/lagunaone-mijas.com\/het-complex\/#primaryimage\",\"url\":\"https:\/\/lagunaone-mijas.com\/wp-content\/uploads\/sites\/54\/2025\/05\/LAGUNAONE_0-scaled.jpg\",\"contentUrl\":\"https:\/\/lagunaone-mijas.com\/wp-content\/uploads\/sites\/54\/2025\/05\/LAGUNAONE_0-scaled.jpg\",\"width\":2560,\"height\":1440},{\"@type\":\"BreadcrumbList\",\"@id\":\"https:\/\/lagunaone-mijas.com\/het-complex\/#breadcrumb\",\"itemListElement\":[{\"@type\":\"ListItem\",\"position\":1,\"name\":\"Home\",\"item\":\"https:\/\/lagunaone-mijas.com\/\"},{\"@type\":\"ListItem\",\"position\":2,\"name\":\"Over Laguna Mijas\"}]},{\"@type\":\"WebSite\",\"@id\":\"https:\/\/lagunaone-mijas.com\/#website\",\"url\":\"https:\/\/lagunaone-mijas.com\/\",\"name\":\"Laguna One Mijas\",\"description\":\"Leef de leefstijl die je verdient\",\"potentialAction\":[{\"@type\":\"SearchAction\",\"target\":{\"@type\":\"EntryPoint\",\"urlTemplate\":\"https:\/\/lagunaone-mijas.com\/?s={search_term_string}\"},\"query-input\":{\"@type\":\"PropertyValueSpecification\",\"valueRequired\":true,\"valueName\":\"search_term_string\"}}],\"inLanguage\":\"fr-FR\"}]}<\/script>\n<!-- \/ Yoast SEO plugin. -->","yoast_head_json":{"title":"\u00c0 propos de Laguna Mijas - Laguna One Mijas","robots":{"index":"index","follow":"follow","max-snippet":"max-snippet:-1","max-image-preview":"max-image-preview:large","max-video-preview":"max-video-preview:-1"},"canonical":"https:\/\/lagunaone-mijas.com\/fr\/le-complexe\/","og_locale":"fr_FR","og_type":"article","og_title":"Over Laguna Mijas - Laguna One Mijas","og_url":"https:\/\/lagunaone-mijas.com\/fr\/le-complexe\/","og_site_name":"Laguna One Mijas","article_modified_time":"2025-12-23T15:53:40+00:00","og_image":[{"width":2560,"height":1440,"url":"https:\/\/lagunaone-mijas.com\/wp-content\/uploads\/sites\/54\/2025\/05\/LAGUNAONE_0-scaled.jpg","type":"image\/jpeg"}],"twitter_card":"summary_large_image","twitter_misc":{"Dur\u00e9e de lecture estim\u00e9e":"4 minutes"},"schema":{"@context":"https:\/\/schema.org","@graph":[{"@type":"WebPage","@id":"https:\/\/lagunaone-mijas.com\/het-complex\/","url":"https:\/\/lagunaone-mijas.com\/het-complex\/","name":"\u00c0 propos de Laguna Mijas - Laguna One Mijas","isPartOf":{"@id":"https:\/\/lagunaone-mijas.com\/#website"},"primaryImageOfPage":{"@id":"https:\/\/lagunaone-mijas.com\/het-complex\/#primaryimage"},"image":{"@id":"https:\/\/lagunaone-mijas.com\/het-complex\/#primaryimage"},"thumbnailUrl":"https:\/\/lagunaone-mijas.com\/wp-content\/uploads\/sites\/54\/2025\/05\/LAGUNAONE_0-scaled.jpg","datePublished":"2022-01-27T10:58:29+00:00","dateModified":"2025-12-23T15:53:40+00:00","breadcrumb":{"@id":"https:\/\/lagunaone-mijas.com\/het-complex\/#breadcrumb"},"inLanguage":"fr-FR","potentialAction":[{"@type":"ReadAction","target":["https:\/\/lagunaone-mijas.com\/het-complex\/"]}]},{"@type":"ImageObject","inLanguage":"fr-FR","@id":"https:\/\/lagunaone-mijas.com\/het-complex\/#primaryimage","url":"https:\/\/lagunaone-mijas.com\/wp-content\/uploads\/sites\/54\/2025\/05\/LAGUNAONE_0-scaled.jpg","contentUrl":"https:\/\/lagunaone-mijas.com\/wp-content\/uploads\/sites\/54\/2025\/05\/LAGUNAONE_0-scaled.jpg","width":2560,"height":1440},{"@type":"BreadcrumbList","@id":"https:\/\/lagunaone-mijas.com\/het-complex\/#breadcrumb","itemListElement":[{"@type":"ListItem","position":1,"name":"Home","item":"https:\/\/lagunaone-mijas.com\/"},{"@type":"ListItem","position":2,"name":"Over Laguna Mijas"}]},{"@type":"WebSite","@id":"https:\/\/lagunaone-mijas.com\/#website","url":"https:\/\/lagunaone-mijas.com\/","name":"Laguna One Mijas","description":"Vivez le style de vie que vous m\u00e9ritez","potentialAction":[{"@type":"SearchAction","target":{"@type":"EntryPoint","urlTemplate":"https:\/\/lagunaone-mijas.com\/?s={search_term_string}"},"query-input":{"@type":"PropertyValueSpecification","valueRequired":true,"valueName":"search_term_string"}}],"inLanguage":"fr-FR"}]}},"_links":{"self":[{"href":"https:\/\/lagunaone-mijas.com\/fr\/wp-json\/wp\/v2\/pages\/95","targetHints":{"allow":["GET"]}}],"collection":[{"href":"https:\/\/lagunaone-mijas.com\/fr\/wp-json\/wp\/v2\/pages"}],"about":[{"href":"https:\/\/lagunaone-mijas.com\/fr\/wp-json\/wp\/v2\/types\/page"}],"author":[{"embeddable":true,"href":"https:\/\/lagunaone-mijas.com\/fr\/wp-json\/wp\/v2\/users\/1"}],"replies":[{"embeddable":true,"href":"https:\/\/lagunaone-mijas.com\/fr\/wp-json\/wp\/v2\/comments?post=95"}],"version-history":[{"count":57,"href":"https:\/\/lagunaone-mijas.com\/fr\/wp-json\/wp\/v2\/pages\/95\/revisions"}],"predecessor-version":[{"id":4263,"href":"https:\/\/lagunaone-mijas.com\/fr\/wp-json\/wp\/v2\/pages\/95\/revisions\/4263"}],"wp:featuredmedia":[{"embeddable":true,"href":"https:\/\/lagunaone-mijas.com\/fr\/wp-json\/wp\/v2\/media\/4221"}],"wp:attachment":[{"href":"https:\/\/lagunaone-mijas.com\/fr\/wp-json\/wp\/v2\/media?parent=95"}],"curies":[{"name":"wp","href":"https:\/\/api.w.org\/{rel}","templated":true}]}}