{"id":95,"date":"2022-01-27T10:58:29","date_gmt":"2022-01-27T10:58:29","guid":{"rendered":"http:\/\/cognito.mprinsdesign.nl\/?page_id=95"},"modified":"2025-12-23T15:53:40","modified_gmt":"2025-12-23T15:53:40","slug":"el-complejo","status":"publish","type":"page","link":"https:\/\/lagunaone-mijas.com\/es\/el-complejo\/","title":{"rendered":"Acerca de Laguna Mijas"},"content":{"rendered":"<section class=\"wpb-content-wrapper\"><div  class=\"content_row row page-content vc_row wpb_row  default-style fullwidth\" >\n\t\n\t<div class=\"content_row_wrapper  default\" >\n\t<div id=\"asdasd\" class=\"vc_col-sm-12 wpb_column vc_column_container\" >\n\t<div class=\"vc_column-inner\">\n\t\t<div class=\"wpb_wrapper\" >\n\t\t\t<div class=\"rt_heading_wrapper no-style\">\n\t\t\t\t\t\t<h1 class=\"rt_heading  no-style\"  style=\"font-size:24px;margin-top:24px;margin-bottom:0px;\">Laguna One Mijas \u2013 <span class=\"after_h1\">Un oasis de paz y refinamiento<\/span><\/h1> \n\t\t\t\t\t<\/div><div class=\"vc_empty_space\"   style=\"height: 32px\"><span class=\"vc_empty_space_inner\"><\/span><\/div><div class=\"vc_separator wpb_content_element vc_separator_align_center vc_sep_width_100 vc_sep_style-4 vc_sep_pos_align_center vc_separator_no_text vc_sep_color_grey\" ><span class=\"vc_sep_holder vc_sep_holder_l\"><span class=\"vc_sep_line\"><\/span><\/span><span class=\"vc_sep_holder vc_sep_holder_r\"><span class=\"vc_sep_line\"><\/span><\/span>\n<\/div><div class=\"vc_empty_space\"   style=\"height: 32px\"><span class=\"vc_empty_space_inner\"><\/span><\/div>\n\t<div class=\"wpb_text_column wpb_content_element\" >\n\t\t<div class=\"wpb_wrapper\">\n\t\t\t<div class=\"\">\n<p>LAGUNA ONE Mijas se encuentra en una zona privilegiada, rodeada de las consolidadas zonas residenciales de Jardines de las Lagunas I y II. Este pr\u00f3spero barrio se ha convertido en uno de los m\u00e1s buscados de la zona, gracias a<br \/>\ngracias a la combinaci\u00f3n de infraestructura moderna, \u00e1reas verdes y cercan\u00eda a servicios esenciales. Este moderno proyecto residencial consta de 116 elegantes apartamentos tipo loft de un dormitorio. Estas casas est\u00e1n dise\u00f1adas para personas que valoran la funcionalidad, la comodidad y una excelente relaci\u00f3n calidad-precio. La ubicaci\u00f3n es muy popular para residencia permanente y alquiler vacacional. <strong>Perfecto como primera vivienda, segunda residencia o inversi\u00f3n inteligente.<\/strong><\/p>\n<p><strong data-start=\"589\" data-end=\"618\">Caracter\u00edsticas de las casas<\/strong><\/p>\n<ul data-start=\"619\" data-end=\"905\">\n<li data-start=\"619\" data-end=\"649\">\n<p data-start=\"621\" data-end=\"649\">Planos de planta abiertos y luminosos<\/p>\n<\/li>\n<li data-start=\"650\" data-end=\"691\">\n<p data-start=\"652\" data-end=\"691\">Terrazas como extensi\u00f3n de la vivienda<\/p>\n<\/li>\n<li data-start=\"692\" data-end=\"744\">\n<p data-start=\"694\" data-end=\"744\">Materiales c\u00e1lidos y naturales y acabado moderno.<\/p>\n<\/li>\n<li data-start=\"745\" data-end=\"776\">\n<p data-start=\"747\" data-end=\"776\">Parking privado incluido<\/p>\n<\/li>\n<li data-start=\"777\" data-end=\"905\">\n<p data-start=\"779\" data-end=\"905\">Instalaciones compartidas: piscina, sala de fitness, espacio de coworking y zona de barbacoa.<\/p>\n<\/li>\n<\/ul>\n<p>Vivir aqu\u00ed significa ser parte de una comunidad en crecimiento y de alta calidad que ofrece el equilibrio perfecto entre comodidad, conveniencia y potencial de inversi\u00f3n.<\/p>\n<\/div>\n\n\t\t<\/div>\n\t<\/div>\n\n\t<div  class=\"wpb_single_image wpb_content_element vc_align_center\">\n\t\t\n\t\t<figure class=\"wpb_wrapper vc_figure\">\n\t\t\t<div class=\"vc_single_image-wrapper   vc_box_border_grey\"><img fetchpriority=\"high\" decoding=\"async\" width=\"2560\" height=\"1440\" src=\"https:\/\/lagunaone-mijas.com\/wp-content\/uploads\/sites\/54\/2022\/10\/LAGUNAONE_7-scaled.jpg\" class=\"vc_single_image-img attachment-full\" alt=\"\" title=\"LAGUNAONE_7\" srcset=\"https:\/\/lagunaone-mijas.com\/wp-content\/uploads\/sites\/54\/2022\/10\/LAGUNAONE_7-scaled.jpg 2560w, https:\/\/lagunaone-mijas.com\/wp-content\/uploads\/sites\/54\/2022\/10\/LAGUNAONE_7-300x169.jpg 300w, https:\/\/lagunaone-mijas.com\/wp-content\/uploads\/sites\/54\/2022\/10\/LAGUNAONE_7-1024x576.jpg 1024w, https:\/\/lagunaone-mijas.com\/wp-content\/uploads\/sites\/54\/2022\/10\/LAGUNAONE_7-768x432.jpg 768w, https:\/\/lagunaone-mijas.com\/wp-content\/uploads\/sites\/54\/2022\/10\/LAGUNAONE_7-1536x864.jpg 1536w, https:\/\/lagunaone-mijas.com\/wp-content\/uploads\/sites\/54\/2022\/10\/LAGUNAONE_7-2048x1152.jpg 2048w, https:\/\/lagunaone-mijas.com\/wp-content\/uploads\/sites\/54\/2022\/10\/LAGUNAONE_7-18x10.jpg 18w\" sizes=\"(max-width: 2560px) 100vw, 2560px\" \/><\/div>\n\t\t<\/figure>\n\t<\/div>\n<div class=\"vc_btn3-container vc_btn3-center\" id=\"info\" ><a class=\"vc_general vc_btn3 vc_btn3-size-md vc_btn3-shape-square vc_btn3-style-modern vc_btn3-color-warning\" href=\"https:\/\/lagunaone-mijas.com\/es\/mas-informacion\/\" title=\"M\u00e1s informaci\u00f3n\">SOLICITAR PAQUETE DE INFORMACI\u00d3N<\/a><\/div>\n\t<div class=\"wpb_text_column wpb_content_element\" >\n\t\t<div class=\"wpb_wrapper\">\n\t\t\t<p>El interior est\u00e1 dise\u00f1ado para brindar una experiencia de vida c\u00e1lida y moderna. Los espacios abiertos conectan a la perfecci\u00f3n la sala de estar, la cocina y el dormitorio, mientras que los tonos c\u00e1lidos y los materiales naturales cuidadosamente seleccionados crean una atm\u00f3sfera luminosa y equilibrada.<br \/>\nLa terraza, dise\u00f1ada como una extensi\u00f3n de tu hogar, te invita a disfrutar de la luz y del entorno cada d\u00eda.<\/p>\n\n\t\t<\/div>\n\t<\/div>\n\n\t<div  class=\"wpb_single_image wpb_content_element vc_align_center\">\n\t\t\n\t\t<figure class=\"wpb_wrapper vc_figure\">\n\t\t\t<div class=\"vc_single_image-wrapper   vc_box_border_grey\"><img decoding=\"async\" width=\"2560\" height=\"1440\" src=\"https:\/\/lagunaone-mijas.com\/wp-content\/uploads\/sites\/54\/2022\/03\/LAGUNAONE_5-scaled.jpg\" class=\"vc_single_image-img attachment-full\" alt=\"\" title=\"LAGUNAONE_5\" srcset=\"https:\/\/lagunaone-mijas.com\/wp-content\/uploads\/sites\/54\/2022\/03\/LAGUNAONE_5-scaled.jpg 2560w, https:\/\/lagunaone-mijas.com\/wp-content\/uploads\/sites\/54\/2022\/03\/LAGUNAONE_5-300x169.jpg 300w, https:\/\/lagunaone-mijas.com\/wp-content\/uploads\/sites\/54\/2022\/03\/LAGUNAONE_5-1024x576.jpg 1024w, https:\/\/lagunaone-mijas.com\/wp-content\/uploads\/sites\/54\/2022\/03\/LAGUNAONE_5-768x432.jpg 768w, https:\/\/lagunaone-mijas.com\/wp-content\/uploads\/sites\/54\/2022\/03\/LAGUNAONE_5-1536x864.jpg 1536w, https:\/\/lagunaone-mijas.com\/wp-content\/uploads\/sites\/54\/2022\/03\/LAGUNAONE_5-2048x1152.jpg 2048w, https:\/\/lagunaone-mijas.com\/wp-content\/uploads\/sites\/54\/2022\/03\/LAGUNAONE_5-18x10.jpg 18w\" sizes=\"(max-width: 2560px) 100vw, 2560px\" \/><\/div>\n\t\t<\/figure>\n\t<\/div>\n\n\t<div class=\"wpb_text_column wpb_content_element\" >\n\t\t<div class=\"wpb_wrapper\">\n\t\t\t<div class=\"\">\n<p><strong>Precios de Laguna One<\/strong><\/p>\n<p>Laguna One dispone de apartamentos de un solo dormitorio y un ba\u00f1o, todos con terrazas, cocinas y ba\u00f1os totalmente equipados y con aparcamiento subterr\u00e1neo privado y trastero.<\/p>\n<p>Dependiendo de la ubicaci\u00f3n y la superficie, los precios de compra son:<strong> desde 251.000 euros<\/strong>. Los precios de compra no incluyen el IVA 10%.<\/p>\n<p><em><strong>Date prisa \u2013 <a href=\"https:\/\/lagunaone-mijas.com\/es\/mas-informacion\/\">solicitar el paquete de informaci\u00f3n<\/a> \u2013 La primera opci\u00f3n es la mejor opci\u00f3n.<\/strong><\/em><\/p>\n<\/div>\n\n\t\t<\/div>\n\t<\/div>\n\n\t<div class=\"wpb_text_column wpb_content_element\" >\n\t\t<div class=\"wpb_wrapper\">\n\t\t\t<p>\u00bfLe gustar\u00eda recibir la \u00faltima informaci\u00f3n sobre disponibilidad y precios? Preguntanos <a href=\"http:\/\/meer-informatie\/\"><strong>paquete informativo con amplia informaci\u00f3n y folleto en &gt;&gt;&gt;<\/strong><\/a><\/p>\n<p>\u00bfTiene alguna pregunta espec\u00edfica o le gustar\u00eda concertar una cita? Llama a Ron de Vries al +34 677 67 04 80<\/p>\n\n\t\t<\/div>\n\t<\/div>\n<div class=\"vc_btn3-container vc_btn3-center\" ><a class=\"vc_general vc_btn3 vc_btn3-size-md vc_btn3-shape-square vc_btn3-style-modern vc_btn3-color-warning\" href=\"https:\/\/lagunaone-mijas.com\/es\/mas-informacion\/\" title=\"M\u00e1s informaci\u00f3n\">SOLICITAR PAQUETE DE INFORMACI\u00d3N<\/a><\/div>\n\t\t<\/div>\n\t<\/div>\n\t<\/div>\n\n<\/div>\n<\/div>\n\n<div  class=\"content_row row page-content vc_row wpb_row  default-style fullwidth\" style=\"background-color: #bbac8c;\">\n\t\n\t<div class=\"content_row_wrapper  default\" >\n\t<div id=\"asdasd\" class=\"vc_col-sm-12 wpb_column vc_column_container\" >\n\t<div class=\"vc_column-inner\">\n\t\t<div class=\"wpb_wrapper\" >\n\t\t\t<div class=\"rt_heading_wrapper no-style\">\n\t\t\t\t\t\t<h1 class=\"rt_heading  no-style\"  style=\"font-size:24px;margin-top:24px;margin-bottom:0px;\">Caracter\u00edsticas - <span class=\"after_h1 white\">Laguna Mijas<\/span><\/h1> \n\t\t\t\t\t<\/div><div class=\"vc_empty_space\"   style=\"height: 32px\"><span class=\"vc_empty_space_inner\"><\/span><\/div><div class=\"vc_separator wpb_content_element vc_separator_align_center vc_sep_width_100 vc_sep_style-4 vc_sep_pos_align_center vc_separator_no_text vc_sep_color_grey\" ><span class=\"vc_sep_holder vc_sep_holder_l\"><span class=\"vc_sep_line\"><\/span><\/span><span class=\"vc_sep_holder vc_sep_holder_r\"><span class=\"vc_sep_line\"><\/span><\/span>\n<\/div>\n\t<div class=\"wpb_text_column wpb_content_element\" >\n\t\t<div class=\"wpb_wrapper\">\n\t\t\t\t \n\t\t<div  class=\"bullet-list style-1  check\">\n\t\t<ul>\n<li>A 5 minutos de la playa<\/li>\n<li>A 20 minutos del aeropuerto<\/li>\n<li>1, 2, 3 o 4 dormitorios<\/li>\n<li>Amplias terrazas<\/li>\n<li>Piscinas<\/li>\n<li>\u00c1rea de bienestar<\/li>\n<li>Espacio de coworking<\/li>\n<li>Moderna sala de fitness<\/li>\n<li>Construcci\u00f3n respetuosa con el medio ambiente<\/li>\n<\/ul>\n\n\t\t<\/div>\n\t\n\n\t\t<\/div>\n\t<\/div>\n\n\t\t<\/div>\n\t<\/div>\n\t<\/div>\n\n<\/div>\n<\/div>\n\n<div  class=\"content_row row quote-row vc_row wpb_row  default-style fullwidth\" style=\"background-color: #fcfcfc;\">\n\t\n\t<div class=\"content_row_wrapper  fullwidth\" >\n\t<div id=\"asdasd\" class=\"vc_col-sm-12 wpb_column vc_column_container vc_custom_1644925648982\" >\n\t<div class=\"vc_column-inner\">\n\t\t<div class=\"wpb_wrapper\" >\n\t\t\t<div class=\"rt_heading_wrapper style-3\">\n\t\t\t\t\t\t<h4 class=\"rt_heading serif quote-max-width style-3\" >Paquete informativo Laguna Mijas <a href=\"https:\/\/lagunaone-mijas.com\/es\/mas-informacion\/\"> Solicite el folleto y la lista de precios m\u00e1s reciente <\/a><\/h4> \n\t\t\t\t\t<\/div>\n\t\t<\/div>\n\t<\/div>\n\t<\/div>\n\n<\/div>\n<\/div>\n\n<div  class=\"content_row row vc_row wpb_row  default-style fullwidth\" >\n\t\n\t<div class=\"content_row_wrapper  default\" >\n\t<div id=\"asdasd\" class=\"vc_col-sm-12 wpb_column vc_column_container\" >\n\t<div class=\"vc_column-inner\">\n\t\t<div class=\"wpb_wrapper\" >\n\t\t\t<div class=\"vc_btn3-container vc_btn3-center\" ><a class=\"vc_general vc_btn3 vc_btn3-size-md vc_btn3-shape-square vc_btn3-style-modern vc_btn3-color-warning\" href=\"https:\/\/lagunaone-mijas.com\/es\/mas-informacion\/\" title=\"M\u00e1s informaci\u00f3n\">SOLICITAR PAQUETE DE INFORMACI\u00d3N<\/a><\/div>\n\t\t<\/div>\n\t<\/div>\n\t<\/div>\n\n<\/div>\n<\/div>\n<\/section>","protected":false},"excerpt":{"rendered":"<p>\u2026 <a class=\"more-link\" href=\"https:\/\/lagunaone-mijas.com\/es\/el-complejo\/\">sigue leyendo<\/a><\/p>","protected":false},"author":1,"featured_media":4221,"parent":0,"menu_order":3,"comment_status":"closed","ping_status":"closed","template":"","meta":{"footnotes":""},"class_list":["post-95","page","type-page","status-publish","has-post-thumbnail","hentry"],"yoast_head":"<!-- This site is optimized with the Yoast SEO plugin v26.0 - https:\/\/yoast.com\/wordpress\/plugins\/seo\/ -->\n<title>Over Laguna Mijas - Laguna One Mijas<\/title>\n<meta name=\"robots\" content=\"index, follow, max-snippet:-1, max-image-preview:large, max-video-preview:-1\" \/>\n<link rel=\"canonical\" href=\"https:\/\/lagunaone-mijas.com\/es\/el-complejo\/\" \/>\n<meta property=\"og:locale\" content=\"es_ES\" \/>\n<meta property=\"og:type\" content=\"article\" \/>\n<meta property=\"og:title\" content=\"Over Laguna Mijas - Laguna One Mijas\" \/>\n<meta property=\"og:url\" content=\"https:\/\/lagunaone-mijas.com\/es\/el-complejo\/\" \/>\n<meta property=\"og:site_name\" content=\"Laguna One Mijas\" \/>\n<meta property=\"article:modified_time\" content=\"2025-12-23T15:53:40+00:00\" \/>\n<meta property=\"og:image\" content=\"https:\/\/lagunaone-mijas.com\/wp-content\/uploads\/sites\/54\/2025\/05\/LAGUNAONE_0-scaled.jpg\" \/>\n\t<meta property=\"og:image:width\" content=\"2560\" \/>\n\t<meta property=\"og:image:height\" content=\"1440\" \/>\n\t<meta property=\"og:image:type\" content=\"image\/jpeg\" \/>\n<meta name=\"twitter:card\" content=\"summary_large_image\" \/>\n<meta name=\"twitter:label1\" content=\"Tiempo de lectura\" \/>\n\t<meta name=\"twitter:data1\" content=\"4 minutos\" \/>\n<script type=\"application\/ld+json\" class=\"yoast-schema-graph\">{\"@context\":\"https:\/\/schema.org\",\"@graph\":[{\"@type\":\"WebPage\",\"@id\":\"https:\/\/lagunaone-mijas.com\/het-complex\/\",\"url\":\"https:\/\/lagunaone-mijas.com\/het-complex\/\",\"name\":\"Over Laguna Mijas - Laguna One Mijas\",\"isPartOf\":{\"@id\":\"https:\/\/lagunaone-mijas.com\/#website\"},\"primaryImageOfPage\":{\"@id\":\"https:\/\/lagunaone-mijas.com\/het-complex\/#primaryimage\"},\"image\":{\"@id\":\"https:\/\/lagunaone-mijas.com\/het-complex\/#primaryimage\"},\"thumbnailUrl\":\"https:\/\/lagunaone-mijas.com\/wp-content\/uploads\/sites\/54\/2025\/05\/LAGUNAONE_0-scaled.jpg\",\"datePublished\":\"2022-01-27T10:58:29+00:00\",\"dateModified\":\"2025-12-23T15:53:40+00:00\",\"breadcrumb\":{\"@id\":\"https:\/\/lagunaone-mijas.com\/het-complex\/#breadcrumb\"},\"inLanguage\":\"es\",\"potentialAction\":[{\"@type\":\"ReadAction\",\"target\":[\"https:\/\/lagunaone-mijas.com\/het-complex\/\"]}]},{\"@type\":\"ImageObject\",\"inLanguage\":\"es\",\"@id\":\"https:\/\/lagunaone-mijas.com\/het-complex\/#primaryimage\",\"url\":\"https:\/\/lagunaone-mijas.com\/wp-content\/uploads\/sites\/54\/2025\/05\/LAGUNAONE_0-scaled.jpg\",\"contentUrl\":\"https:\/\/lagunaone-mijas.com\/wp-content\/uploads\/sites\/54\/2025\/05\/LAGUNAONE_0-scaled.jpg\",\"width\":2560,\"height\":1440},{\"@type\":\"BreadcrumbList\",\"@id\":\"https:\/\/lagunaone-mijas.com\/het-complex\/#breadcrumb\",\"itemListElement\":[{\"@type\":\"ListItem\",\"position\":1,\"name\":\"Home\",\"item\":\"https:\/\/lagunaone-mijas.com\/\"},{\"@type\":\"ListItem\",\"position\":2,\"name\":\"Over Laguna Mijas\"}]},{\"@type\":\"WebSite\",\"@id\":\"https:\/\/lagunaone-mijas.com\/#website\",\"url\":\"https:\/\/lagunaone-mijas.com\/\",\"name\":\"Laguna One Mijas\",\"description\":\"Leef de leefstijl die je verdient\",\"potentialAction\":[{\"@type\":\"SearchAction\",\"target\":{\"@type\":\"EntryPoint\",\"urlTemplate\":\"https:\/\/lagunaone-mijas.com\/?s={search_term_string}\"},\"query-input\":{\"@type\":\"PropertyValueSpecification\",\"valueRequired\":true,\"valueName\":\"search_term_string\"}}],\"inLanguage\":\"es\"}]}<\/script>\n<!-- \/ Yoast SEO plugin. -->","yoast_head_json":{"title":"Acerca de Laguna Mijas - Laguna One Mijas","robots":{"index":"index","follow":"follow","max-snippet":"max-snippet:-1","max-image-preview":"max-image-preview:large","max-video-preview":"max-video-preview:-1"},"canonical":"https:\/\/lagunaone-mijas.com\/es\/el-complejo\/","og_locale":"es_ES","og_type":"article","og_title":"Over Laguna Mijas - Laguna One Mijas","og_url":"https:\/\/lagunaone-mijas.com\/es\/el-complejo\/","og_site_name":"Laguna One Mijas","article_modified_time":"2025-12-23T15:53:40+00:00","og_image":[{"width":2560,"height":1440,"url":"https:\/\/lagunaone-mijas.com\/wp-content\/uploads\/sites\/54\/2025\/05\/LAGUNAONE_0-scaled.jpg","type":"image\/jpeg"}],"twitter_card":"summary_large_image","twitter_misc":{"Tiempo de lectura":"4 minutos"},"schema":{"@context":"https:\/\/schema.org","@graph":[{"@type":"WebPage","@id":"https:\/\/lagunaone-mijas.com\/het-complex\/","url":"https:\/\/lagunaone-mijas.com\/het-complex\/","name":"Acerca de Laguna Mijas - Laguna One Mijas","isPartOf":{"@id":"https:\/\/lagunaone-mijas.com\/#website"},"primaryImageOfPage":{"@id":"https:\/\/lagunaone-mijas.com\/het-complex\/#primaryimage"},"image":{"@id":"https:\/\/lagunaone-mijas.com\/het-complex\/#primaryimage"},"thumbnailUrl":"https:\/\/lagunaone-mijas.com\/wp-content\/uploads\/sites\/54\/2025\/05\/LAGUNAONE_0-scaled.jpg","datePublished":"2022-01-27T10:58:29+00:00","dateModified":"2025-12-23T15:53:40+00:00","breadcrumb":{"@id":"https:\/\/lagunaone-mijas.com\/het-complex\/#breadcrumb"},"inLanguage":"es","potentialAction":[{"@type":"ReadAction","target":["https:\/\/lagunaone-mijas.com\/het-complex\/"]}]},{"@type":"ImageObject","inLanguage":"es","@id":"https:\/\/lagunaone-mijas.com\/het-complex\/#primaryimage","url":"https:\/\/lagunaone-mijas.com\/wp-content\/uploads\/sites\/54\/2025\/05\/LAGUNAONE_0-scaled.jpg","contentUrl":"https:\/\/lagunaone-mijas.com\/wp-content\/uploads\/sites\/54\/2025\/05\/LAGUNAONE_0-scaled.jpg","width":2560,"height":1440},{"@type":"BreadcrumbList","@id":"https:\/\/lagunaone-mijas.com\/het-complex\/#breadcrumb","itemListElement":[{"@type":"ListItem","position":1,"name":"Home","item":"https:\/\/lagunaone-mijas.com\/"},{"@type":"ListItem","position":2,"name":"Over Laguna Mijas"}]},{"@type":"WebSite","@id":"https:\/\/lagunaone-mijas.com\/#website","url":"https:\/\/lagunaone-mijas.com\/","name":"Laguna One Mijas","description":"Vive el estilo de vida que te mereces","potentialAction":[{"@type":"SearchAction","target":{"@type":"EntryPoint","urlTemplate":"https:\/\/lagunaone-mijas.com\/?s={search_term_string}"},"query-input":{"@type":"PropertyValueSpecification","valueRequired":true,"valueName":"search_term_string"}}],"inLanguage":"es"}]}},"_links":{"self":[{"href":"https:\/\/lagunaone-mijas.com\/es\/wp-json\/wp\/v2\/pages\/95","targetHints":{"allow":["GET"]}}],"collection":[{"href":"https:\/\/lagunaone-mijas.com\/es\/wp-json\/wp\/v2\/pages"}],"about":[{"href":"https:\/\/lagunaone-mijas.com\/es\/wp-json\/wp\/v2\/types\/page"}],"author":[{"embeddable":true,"href":"https:\/\/lagunaone-mijas.com\/es\/wp-json\/wp\/v2\/users\/1"}],"replies":[{"embeddable":true,"href":"https:\/\/lagunaone-mijas.com\/es\/wp-json\/wp\/v2\/comments?post=95"}],"version-history":[{"count":57,"href":"https:\/\/lagunaone-mijas.com\/es\/wp-json\/wp\/v2\/pages\/95\/revisions"}],"predecessor-version":[{"id":4263,"href":"https:\/\/lagunaone-mijas.com\/es\/wp-json\/wp\/v2\/pages\/95\/revisions\/4263"}],"wp:featuredmedia":[{"embeddable":true,"href":"https:\/\/lagunaone-mijas.com\/es\/wp-json\/wp\/v2\/media\/4221"}],"wp:attachment":[{"href":"https:\/\/lagunaone-mijas.com\/es\/wp-json\/wp\/v2\/media?parent=95"}],"curies":[{"name":"wp","href":"https:\/\/api.w.org\/{rel}","templated":true}]}}