{"id":3121,"date":"2022-02-14T14:08:43","date_gmt":"2022-02-14T14:08:43","guid":{"rendered":"https:\/\/cognito.mprinsdesign.nl\/?page_id=3121"},"modified":"2025-12-23T15:54:29","modified_gmt":"2025-12-23T15:54:29","slug":"mas-informacion","status":"publish","type":"page","link":"https:\/\/lagunaone-mijas.com\/es\/mas-informacion\/","title":{"rendered":"M\u00e1s informaci\u00f3n"},"content":{"rendered":"<section class=\"wpb-content-wrapper\">\n<div  class=\"content_row row page-content margin-between contact-form-row vc_row wpb_row  default-style fullwidth\" >\n\t\n\t<div class=\"content_row_wrapper  default\" style=\"padding-top:50px;padding-bottom:50px;\"><div id=\"asdasd\" class=\"vc_col-sm-6 wpb_column vc_column_container\" >\n\t<div class=\"vc_column-inner\">\n\t\t<div class=\"wpb_wrapper\" >\n\t\t\t\n<div  class=\"content_row row contact-informatie-row vc_row vc_inner vc_row-fluid global-style fullwidth\" style=\"background-color: #baad85;\">\n\t\n\t<div class=\"content_row_wrapper  default\" style=\"padding-top:10px;padding-bottom:20px;padding-left:20px;padding-right:20px;\">\n\t<div class=\"vc_col-sm-12 wpb_column vc_column_container\" >\n\t<div class=\"vc_column-inner\">\n\t\t<div class=\"wpb_wrapper\" >\n\t\t\t<div class=\"rt_heading_wrapper style-3\">\n\t\t\t\t\t\t<h1 class=\"rt_heading  style-3\"  style=\"font-size:24px;margin-top:24px;margin-bottom:0px;\">M\u00e1s - <span class=\"after_h1 white\">Informaci\u00f3n<\/span><\/h1> \n\t\t\t\t\t<\/div>\n\t<div class=\"wpb_text_column wpb_content_element  meer-info white\" >\n\t\t<div class=\"wpb_wrapper\">\n\t\t\t<p><strong>Laguna One Mijas<\/strong> \u2013 Situado entre Fuengirola y Mijas, con acceso directo al mar Mediterr\u00e1neo y a las hermosas playas de la Costa del Sol.<br \/>\nUbicado en una zona residencial de r\u00e1pido crecimiento rodeada de proyectos. <em data-start=\"2592\" data-end=\"2624\">Jardines de las Lagunas I y II<\/em>, lo que crea una comunidad vibrante y valores inmobiliarios estables. La ubicaci\u00f3n es muy popular para residencia permanente y alquiler vacacional.<\/p>\n<p><strong>Precios desde 251.000 euros.\u00a0<\/strong><\/p>\n<p><strong>\u00bfQUIERES SABER M\u00c1S?<\/strong><br \/>\nEntonces pregunta aqu\u00ed sin ning\u00fan compromiso <strong>paquete de informaci\u00f3n<\/strong> en:<\/p>\n<ul>\n<li>disponibilidad actual y lista de precios<\/li>\n<li>planos de casa<\/li>\n<li>plano de planta complejo<\/li>\n<li>descripci\u00f3n ampliada<\/li>\n<li>aspectos financieros<\/li>\n<li>folleto<\/li>\n<\/ul>\n<p><em>Por supuesto, su solicitud es totalmente sin compromiso.\u00a0<\/em><\/p>\n\n\t\t<\/div>\n\t<\/div>\n\n\t\t<\/div>\n\t<\/div>\n\t<\/div>\n\n<\/div>\n<\/div>\n\n\t\t<\/div>\n\t<\/div>\n\t<\/div>\n\n\t<div id=\"asdasd\" class=\"vc_col-sm-6 wpb_column vc_column_container\" >\n\t<div class=\"vc_column-inner\">\n\t\t<div class=\"wpb_wrapper\" >\n\t\t\t\n<div  class=\"content_row row vc_row vc_inner vc_row-fluid global-style fullwidth\" >\n\t\n\t<div class=\"content_row_wrapper  default\" style=\"padding-top:10px;padding-bottom:20px;padding-left:20px;padding-right:20px;\">\n\t<div class=\"vc_col-sm-12 wpb_column vc_column_container\" >\n\t<div class=\"vc_column-inner\">\n\t\t<div class=\"wpb_wrapper\" >\n\t\t\t<div class=\"rt_heading_wrapper style-3\">\n\t\t\t\t\t\t<h1 class=\"rt_heading  style-3\"  style=\"font-size:24px;margin-top:24px;margin-bottom:0px;\">M\u00e1s informaci\u00f3n - <span class=\"after_h1\">Laguna One Mijas<\/span><\/h1> \n\t\t\t\t\t<\/div>\n\t<div class=\"wpb_text_column wpb_content_element\" >\n\t\t<div class=\"wpb_wrapper\">\n\t\t\t<div class=\"contact-form\">\n    <form id=\"cc-contact-form\" method=\"POST\" action=\"\">\n                <div class=\"split-contact\">\n            <article class=\"contact-row\">\n                <label><strong> Nombre <\/strong>(obligado)<\/label>\n                                <input type=\"text\" name=\"cc-name\" id=\"name\" value=\"\" required>\n            <\/article>\n            <article class=\"contact-row\">\n                <label><strong> Correo electr\u00f3nico <\/strong>(obligado)<\/label>\n                                <input type=\"text\" name=\"cc-email\" id=\"email\" value=\"\" required>\n            <\/article>\n        <\/div>\n        <article class=\"contact-row\">\n            <label><strong> DIRECCI\u00d3N <\/strong><\/label>\n            <input type=\"text\" name=\"cc-address\" id=\"address\" value=\"\" required>\n        <\/article>\n        <div class=\"split-contact\">\n            <article class=\"contact-row\">\n                <label><strong> residencia <\/strong><\/label>\n                <input type=\"text\" name=\"cc-city\" id=\"city\" value=\"\" required>\n            <\/article>\n\n            <article class=\"contact-row\">\n                <label><strong> Pa\u00eds <\/strong><\/label>\n                <input type=\"text\" name=\"cc-country\" id=\"country\" value=\"\" required>\n            <\/article>\n        <\/div>\n        <article class=\"contact-row\">\n            <label><strong> n\u00famero de tel\u00e9fono <\/strong>(obligado)<\/label>\n                        <input type=\"text\" name=\"cc-phone\" id=\"phone\" value=\"\" required>\n        <\/article>\n        <article class=\"contact-row\">\n            <label class=\"privacy-check\">\n                <input type=\"checkbox\" name=\"cc-video\" id=\"video\" value=\"on\" required>\n                Me gustar\u00eda concertar una cita para una videollamada (visualizaci\u00f3n)\n            <\/label>\n        <\/article>\n        <article class=\"contact-row\">\n            <label><strong> Comentarios <\/strong><\/label>\n            <textarea \n                name=\"cc-comments\" \n                id=\"comments\" \n                required\n\t\t\t placeholder=\"Por ejemplo, indique aqu\u00ed si desea recibir informaci\u00f3n espec\u00edfica. \u00bfEst\u00e1s aqu\u00ed con poca antelaci\u00f3n? Por favor, h\u00e1ganos saber sobre nuestra planificaci\u00f3n.\"\n\t\t                rows=\"6\"\n            ><\/textarea>\n        <\/article>\n        <article class=\"contact-row\">\n                        <label class=\"privacy-check\">\n                <input type=\"checkbox\" name=\"cc-privacy\" id=\"privacy\" required>\n                estoy de acuerdo con el <a href=\"\/es\/politica-de-privacidad\/\">pol\u00edtica de privacidad<\/a>.\n            <\/label>\n        <\/article>\n        <article class=\"contact-row\">\n            <label type=\"hidden\" id=\"captcha-label\" style=\"display: none; color: red;\"><\/label>\n            <input id='recaptcha' class=\"g-recaptcha\" type=\"submit\" value=\"Enviar\" data-sitekey=\"6LeoCRIgAAAAAFGEHBimhbu4Ac0qLhPJSwqTq9Rq\" data-callback=\"ccSubmit\" data-action=\"submit\">\n        <\/article>\n    <input type=\"hidden\" name=\"trp-form-language\" value=\"es\"\/><\/form>\n<\/div>\n<script>\n    function ccSubmit(token) {\n        document.getElementById(\"cc-contact-form\").submit();\n    }\n<\/script>\n\n\n\t\t<\/div>\n\t<\/div>\n\n\t\t<\/div>\n\t<\/div>\n\t<\/div>\n\n<\/div>\n<\/div>\n\n\t\t<\/div>\n\t<\/div>\n\t<\/div>\n<\/div>\n<\/div>\n\n<\/section>","protected":false},"excerpt":{"rendered":"<p>\u2026 <a class=\"more-link\" href=\"https:\/\/lagunaone-mijas.com\/es\/mas-informacion\/\">sigue leyendo<\/a><\/p>","protected":false},"author":1,"featured_media":4223,"parent":0,"menu_order":6,"comment_status":"closed","ping_status":"closed","template":"","meta":{"footnotes":""},"class_list":["post-3121","page","type-page","status-publish","has-post-thumbnail","hentry"],"yoast_head":"<!-- This site is optimized with the Yoast SEO plugin v26.0 - https:\/\/yoast.com\/wordpress\/plugins\/seo\/ -->\n<title>Meer informatie - Laguna One Mijas<\/title>\n<meta name=\"robots\" content=\"index, follow, max-snippet:-1, max-image-preview:large, max-video-preview:-1\" \/>\n<link rel=\"canonical\" href=\"https:\/\/lagunaone-mijas.com\/es\/mas-informacion\/\" \/>\n<meta property=\"og:locale\" content=\"es_ES\" \/>\n<meta property=\"og:type\" content=\"article\" \/>\n<meta property=\"og:title\" content=\"Meer informatie - Laguna One Mijas\" \/>\n<meta property=\"og:url\" content=\"https:\/\/lagunaone-mijas.com\/es\/mas-informacion\/\" \/>\n<meta property=\"og:site_name\" content=\"Laguna One Mijas\" \/>\n<meta property=\"article:modified_time\" content=\"2025-12-23T15:54:29+00:00\" \/>\n<meta property=\"og:image\" content=\"https:\/\/lagunaone-mijas.com\/wp-content\/uploads\/sites\/54\/2022\/10\/LAGUNAONE_1-scaled.jpg\" \/>\n\t<meta property=\"og:image:width\" content=\"2560\" \/>\n\t<meta property=\"og:image:height\" content=\"1440\" \/>\n\t<meta property=\"og:image:type\" content=\"image\/jpeg\" \/>\n<meta name=\"twitter:card\" content=\"summary_large_image\" \/>\n<meta name=\"twitter:label1\" content=\"Tiempo de lectura\" \/>\n\t<meta name=\"twitter:data1\" content=\"2 minutos\" \/>\n<script type=\"application\/ld+json\" class=\"yoast-schema-graph\">{\"@context\":\"https:\/\/schema.org\",\"@graph\":[{\"@type\":\"WebPage\",\"@id\":\"https:\/\/lagunaone-mijas.com\/meer-informatie\/\",\"url\":\"https:\/\/lagunaone-mijas.com\/meer-informatie\/\",\"name\":\"Meer informatie - Laguna One Mijas\",\"isPartOf\":{\"@id\":\"https:\/\/lagunaone-mijas.com\/#website\"},\"primaryImageOfPage\":{\"@id\":\"https:\/\/lagunaone-mijas.com\/meer-informatie\/#primaryimage\"},\"image\":{\"@id\":\"https:\/\/lagunaone-mijas.com\/meer-informatie\/#primaryimage\"},\"thumbnailUrl\":\"https:\/\/lagunaone-mijas.com\/wp-content\/uploads\/sites\/54\/2022\/10\/LAGUNAONE_1-scaled.jpg\",\"datePublished\":\"2022-02-14T14:08:43+00:00\",\"dateModified\":\"2025-12-23T15:54:29+00:00\",\"breadcrumb\":{\"@id\":\"https:\/\/lagunaone-mijas.com\/meer-informatie\/#breadcrumb\"},\"inLanguage\":\"es\",\"potentialAction\":[{\"@type\":\"ReadAction\",\"target\":[\"https:\/\/lagunaone-mijas.com\/meer-informatie\/\"]}]},{\"@type\":\"ImageObject\",\"inLanguage\":\"es\",\"@id\":\"https:\/\/lagunaone-mijas.com\/meer-informatie\/#primaryimage\",\"url\":\"https:\/\/lagunaone-mijas.com\/wp-content\/uploads\/sites\/54\/2022\/10\/LAGUNAONE_1-scaled.jpg\",\"contentUrl\":\"https:\/\/lagunaone-mijas.com\/wp-content\/uploads\/sites\/54\/2022\/10\/LAGUNAONE_1-scaled.jpg\",\"width\":2560,\"height\":1440},{\"@type\":\"BreadcrumbList\",\"@id\":\"https:\/\/lagunaone-mijas.com\/meer-informatie\/#breadcrumb\",\"itemListElement\":[{\"@type\":\"ListItem\",\"position\":1,\"name\":\"Home\",\"item\":\"https:\/\/lagunaone-mijas.com\/\"},{\"@type\":\"ListItem\",\"position\":2,\"name\":\"Meer informatie\"}]},{\"@type\":\"WebSite\",\"@id\":\"https:\/\/lagunaone-mijas.com\/#website\",\"url\":\"https:\/\/lagunaone-mijas.com\/\",\"name\":\"Laguna One Mijas\",\"description\":\"Leef de leefstijl die je verdient\",\"potentialAction\":[{\"@type\":\"SearchAction\",\"target\":{\"@type\":\"EntryPoint\",\"urlTemplate\":\"https:\/\/lagunaone-mijas.com\/?s={search_term_string}\"},\"query-input\":{\"@type\":\"PropertyValueSpecification\",\"valueRequired\":true,\"valueName\":\"search_term_string\"}}],\"inLanguage\":\"es\"}]}<\/script>\n<!-- \/ Yoast SEO plugin. -->","yoast_head_json":{"title":"M\u00e1s informaci\u00f3n - Laguna One Mijas","robots":{"index":"index","follow":"follow","max-snippet":"max-snippet:-1","max-image-preview":"max-image-preview:large","max-video-preview":"max-video-preview:-1"},"canonical":"https:\/\/lagunaone-mijas.com\/es\/mas-informacion\/","og_locale":"es_ES","og_type":"article","og_title":"Meer informatie - Laguna One Mijas","og_url":"https:\/\/lagunaone-mijas.com\/es\/mas-informacion\/","og_site_name":"Laguna One Mijas","article_modified_time":"2025-12-23T15:54:29+00:00","og_image":[{"width":2560,"height":1440,"url":"https:\/\/lagunaone-mijas.com\/wp-content\/uploads\/sites\/54\/2022\/10\/LAGUNAONE_1-scaled.jpg","type":"image\/jpeg"}],"twitter_card":"summary_large_image","twitter_misc":{"Tiempo de lectura":"2 minutos"},"schema":{"@context":"https:\/\/schema.org","@graph":[{"@type":"WebPage","@id":"https:\/\/lagunaone-mijas.com\/meer-informatie\/","url":"https:\/\/lagunaone-mijas.com\/meer-informatie\/","name":"M\u00e1s informaci\u00f3n - Laguna One Mijas","isPartOf":{"@id":"https:\/\/lagunaone-mijas.com\/#website"},"primaryImageOfPage":{"@id":"https:\/\/lagunaone-mijas.com\/meer-informatie\/#primaryimage"},"image":{"@id":"https:\/\/lagunaone-mijas.com\/meer-informatie\/#primaryimage"},"thumbnailUrl":"https:\/\/lagunaone-mijas.com\/wp-content\/uploads\/sites\/54\/2022\/10\/LAGUNAONE_1-scaled.jpg","datePublished":"2022-02-14T14:08:43+00:00","dateModified":"2025-12-23T15:54:29+00:00","breadcrumb":{"@id":"https:\/\/lagunaone-mijas.com\/meer-informatie\/#breadcrumb"},"inLanguage":"es","potentialAction":[{"@type":"ReadAction","target":["https:\/\/lagunaone-mijas.com\/meer-informatie\/"]}]},{"@type":"ImageObject","inLanguage":"es","@id":"https:\/\/lagunaone-mijas.com\/meer-informatie\/#primaryimage","url":"https:\/\/lagunaone-mijas.com\/wp-content\/uploads\/sites\/54\/2022\/10\/LAGUNAONE_1-scaled.jpg","contentUrl":"https:\/\/lagunaone-mijas.com\/wp-content\/uploads\/sites\/54\/2022\/10\/LAGUNAONE_1-scaled.jpg","width":2560,"height":1440},{"@type":"BreadcrumbList","@id":"https:\/\/lagunaone-mijas.com\/meer-informatie\/#breadcrumb","itemListElement":[{"@type":"ListItem","position":1,"name":"Home","item":"https:\/\/lagunaone-mijas.com\/"},{"@type":"ListItem","position":2,"name":"Meer informatie"}]},{"@type":"WebSite","@id":"https:\/\/lagunaone-mijas.com\/#website","url":"https:\/\/lagunaone-mijas.com\/","name":"Laguna One Mijas","description":"Vive el estilo de vida que te mereces","potentialAction":[{"@type":"SearchAction","target":{"@type":"EntryPoint","urlTemplate":"https:\/\/lagunaone-mijas.com\/?s={search_term_string}"},"query-input":{"@type":"PropertyValueSpecification","valueRequired":true,"valueName":"search_term_string"}}],"inLanguage":"es"}]}},"_links":{"self":[{"href":"https:\/\/lagunaone-mijas.com\/es\/wp-json\/wp\/v2\/pages\/3121","targetHints":{"allow":["GET"]}}],"collection":[{"href":"https:\/\/lagunaone-mijas.com\/es\/wp-json\/wp\/v2\/pages"}],"about":[{"href":"https:\/\/lagunaone-mijas.com\/es\/wp-json\/wp\/v2\/types\/page"}],"author":[{"embeddable":true,"href":"https:\/\/lagunaone-mijas.com\/es\/wp-json\/wp\/v2\/users\/1"}],"replies":[{"embeddable":true,"href":"https:\/\/lagunaone-mijas.com\/es\/wp-json\/wp\/v2\/comments?post=3121"}],"version-history":[{"count":16,"href":"https:\/\/lagunaone-mijas.com\/es\/wp-json\/wp\/v2\/pages\/3121\/revisions"}],"predecessor-version":[{"id":4264,"href":"https:\/\/lagunaone-mijas.com\/es\/wp-json\/wp\/v2\/pages\/3121\/revisions\/4264"}],"wp:featuredmedia":[{"embeddable":true,"href":"https:\/\/lagunaone-mijas.com\/es\/wp-json\/wp\/v2\/media\/4223"}],"wp:attachment":[{"href":"https:\/\/lagunaone-mijas.com\/es\/wp-json\/wp\/v2\/media?parent=3121"}],"curies":[{"name":"wp","href":"https:\/\/api.w.org\/{rel}","templated":true}]}}