{"id":95,"date":"2022-01-27T10:58:29","date_gmt":"2022-01-27T10:58:29","guid":{"rendered":"http:\/\/cognito.mprinsdesign.nl\/?page_id=95"},"modified":"2025-12-23T15:53:40","modified_gmt":"2025-12-23T15:53:40","slug":"der-komplex","status":"publish","type":"page","link":"https:\/\/lagunaone-mijas.com\/de\/der-komplex\/","title":{"rendered":"\u00dcber Laguna Mijas"},"content":{"rendered":"<section class=\"wpb-content-wrapper\"><div  class=\"content_row row page-content vc_row wpb_row  default-style fullwidth\" >\n\t\n\t<div class=\"content_row_wrapper  default\" >\n\t<div id=\"asdasd\" class=\"vc_col-sm-12 wpb_column vc_column_container\" >\n\t<div class=\"vc_column-inner\">\n\t\t<div class=\"wpb_wrapper\" >\n\t\t\t<div class=\"rt_heading_wrapper no-style\">\n\t\t\t\t\t\t<h1 class=\"rt_heading  no-style\"  style=\"font-size:24px;margin-top:24px;margin-bottom:0px;\">Laguna One Mijas \u2013 <span class=\"after_h1\">Eine Oase der Ruhe und Raffinesse<\/span><\/h1> \n\t\t\t\t\t<\/div><div class=\"vc_empty_space\"   style=\"height: 32px\"><span class=\"vc_empty_space_inner\"><\/span><\/div><div class=\"vc_separator wpb_content_element vc_separator_align_center vc_sep_width_100 vc_sep_style-4 vc_sep_pos_align_center vc_separator_no_text vc_sep_color_grey\" ><span class=\"vc_sep_holder vc_sep_holder_l\"><span class=\"vc_sep_line\"><\/span><\/span><span class=\"vc_sep_holder vc_sep_holder_r\"><span class=\"vc_sep_line\"><\/span><\/span>\n<\/div><div class=\"vc_empty_space\"   style=\"height: 32px\"><span class=\"vc_empty_space_inner\"><\/span><\/div>\n\t<div class=\"wpb_text_column wpb_content_element\" >\n\t\t<div class=\"wpb_wrapper\">\n\t\t\t<div class=\"\">\n<p>LAGUNA ONE Mijas liegt in einer privilegierten Gegend, umgeben von den etablierten Wohngebieten Jardines de las Lagunas I und II. Dieses bl\u00fchende Viertel ist zu einem der begehrtesten in der Gegend geworden, dank<br \/>\ndank der Kombination aus moderner Infrastruktur, Gr\u00fcnfl\u00e4chen und der N\u00e4he zu wichtigen Dienstleistungen. Dieses moderne Wohnprojekt besteht aus 116 stilvollen Loft-Apartments mit einem Schlafzimmer. Diese H\u00e4user sind f\u00fcr Menschen konzipiert, die Wert auf Funktionalit\u00e4t, Komfort und ein hervorragendes Preis-Leistungs-Verh\u00e4ltnis legen. Der Standort ist als Dauerwohnsitz und zur Ferienvermietung sehr beliebt. <strong>Perfekt als Erstwohnsitz, Zweitwohnsitz oder clevere Kapitalanlage.<\/strong><\/p>\n<p><strong data-start=\"589\" data-end=\"618\">Merkmale der H\u00e4user<\/strong><\/p>\n<ul data-start=\"619\" data-end=\"905\">\n<li data-start=\"619\" data-end=\"649\">\n<p data-start=\"621\" data-end=\"649\">Offene und helle Grundrisse<\/p>\n<\/li>\n<li data-start=\"650\" data-end=\"691\">\n<p data-start=\"652\" data-end=\"691\">Terrassen als Erweiterung des Hauses<\/p>\n<\/li>\n<li data-start=\"692\" data-end=\"744\">\n<p data-start=\"694\" data-end=\"744\">Warme, nat\u00fcrliche Materialien und moderne Verarbeitung<\/p>\n<\/li>\n<li data-start=\"745\" data-end=\"776\">\n<p data-start=\"747\" data-end=\"776\">Privatparkplatz inklusive<\/p>\n<\/li>\n<li data-start=\"777\" data-end=\"905\">\n<p data-start=\"779\" data-end=\"905\">Gemeinsam genutzte Einrichtungen: Swimmingpool, Fitnessraum, Coworking Space und Grillplatz<\/p>\n<\/li>\n<\/ul>\n<p>Hier zu leben bedeutet, Teil einer wachsenden, hochwertigen Gemeinschaft zu sein, die die perfekte Balance aus Komfort, Bequemlichkeit und Investitionspotenzial bietet.<\/p>\n<\/div>\n\n\t\t<\/div>\n\t<\/div>\n\n\t<div  class=\"wpb_single_image wpb_content_element vc_align_center\">\n\t\t\n\t\t<figure class=\"wpb_wrapper vc_figure\">\n\t\t\t<div class=\"vc_single_image-wrapper   vc_box_border_grey\"><img fetchpriority=\"high\" decoding=\"async\" width=\"2560\" height=\"1440\" src=\"https:\/\/lagunaone-mijas.com\/wp-content\/uploads\/sites\/54\/2022\/10\/LAGUNAONE_7-scaled.jpg\" class=\"vc_single_image-img attachment-full\" alt=\"\" title=\"LAGUNAONE_7\" srcset=\"https:\/\/lagunaone-mijas.com\/wp-content\/uploads\/sites\/54\/2022\/10\/LAGUNAONE_7-scaled.jpg 2560w, https:\/\/lagunaone-mijas.com\/wp-content\/uploads\/sites\/54\/2022\/10\/LAGUNAONE_7-300x169.jpg 300w, https:\/\/lagunaone-mijas.com\/wp-content\/uploads\/sites\/54\/2022\/10\/LAGUNAONE_7-1024x576.jpg 1024w, https:\/\/lagunaone-mijas.com\/wp-content\/uploads\/sites\/54\/2022\/10\/LAGUNAONE_7-768x432.jpg 768w, https:\/\/lagunaone-mijas.com\/wp-content\/uploads\/sites\/54\/2022\/10\/LAGUNAONE_7-1536x864.jpg 1536w, https:\/\/lagunaone-mijas.com\/wp-content\/uploads\/sites\/54\/2022\/10\/LAGUNAONE_7-2048x1152.jpg 2048w, https:\/\/lagunaone-mijas.com\/wp-content\/uploads\/sites\/54\/2022\/10\/LAGUNAONE_7-18x10.jpg 18w\" sizes=\"(max-width: 2560px) 100vw, 2560px\" \/><\/div>\n\t\t<\/figure>\n\t<\/div>\n<div class=\"vc_btn3-container vc_btn3-center\" id=\"info\" ><a class=\"vc_general vc_btn3 vc_btn3-size-md vc_btn3-shape-square vc_btn3-style-modern vc_btn3-color-warning\" href=\"https:\/\/lagunaone-mijas.com\/de\/mehr-informationen\/\" title=\"Mehr Informationen\">INFORMATIONSPAKET ANFORDERN<\/a><\/div>\n\t<div class=\"wpb_text_column wpb_content_element\" >\n\t\t<div class=\"wpb_wrapper\">\n\t\t\t<p>Die Inneneinrichtung ist so gestaltet, dass sie ein warmes und modernes Wohnerlebnis bietet. Offene R\u00e4ume verbinden Wohnzimmer, K\u00fcche und Schlafzimmer nahtlos, w\u00e4hrend warme T\u00f6ne und sorgf\u00e4ltig ausgew\u00e4hlte Naturmaterialien eine helle und ausgewogene Atmosph\u00e4re schaffen.<br \/>\nDie als Erweiterung Ihres Zuhauses konzipierte Terrasse l\u00e4dt Sie ein, t\u00e4glich das Licht und die Umgebung zu genie\u00dfen.<\/p>\n\n\t\t<\/div>\n\t<\/div>\n\n\t<div  class=\"wpb_single_image wpb_content_element vc_align_center\">\n\t\t\n\t\t<figure class=\"wpb_wrapper vc_figure\">\n\t\t\t<div class=\"vc_single_image-wrapper   vc_box_border_grey\"><img decoding=\"async\" width=\"2560\" height=\"1440\" src=\"https:\/\/lagunaone-mijas.com\/wp-content\/uploads\/sites\/54\/2022\/03\/LAGUNAONE_5-scaled.jpg\" class=\"vc_single_image-img attachment-full\" alt=\"\" title=\"LAGUNAONE_5\" srcset=\"https:\/\/lagunaone-mijas.com\/wp-content\/uploads\/sites\/54\/2022\/03\/LAGUNAONE_5-scaled.jpg 2560w, https:\/\/lagunaone-mijas.com\/wp-content\/uploads\/sites\/54\/2022\/03\/LAGUNAONE_5-300x169.jpg 300w, https:\/\/lagunaone-mijas.com\/wp-content\/uploads\/sites\/54\/2022\/03\/LAGUNAONE_5-1024x576.jpg 1024w, https:\/\/lagunaone-mijas.com\/wp-content\/uploads\/sites\/54\/2022\/03\/LAGUNAONE_5-768x432.jpg 768w, https:\/\/lagunaone-mijas.com\/wp-content\/uploads\/sites\/54\/2022\/03\/LAGUNAONE_5-1536x864.jpg 1536w, https:\/\/lagunaone-mijas.com\/wp-content\/uploads\/sites\/54\/2022\/03\/LAGUNAONE_5-2048x1152.jpg 2048w, https:\/\/lagunaone-mijas.com\/wp-content\/uploads\/sites\/54\/2022\/03\/LAGUNAONE_5-18x10.jpg 18w\" sizes=\"(max-width: 2560px) 100vw, 2560px\" \/><\/div>\n\t\t<\/figure>\n\t<\/div>\n\n\t<div class=\"wpb_text_column wpb_content_element\" >\n\t\t<div class=\"wpb_wrapper\">\n\t\t\t<div class=\"\">\n<p><strong>Laguna One Preise<\/strong><\/p>\n<p>Laguna One verf\u00fcgt nur \u00fcber Apartments mit einem Schlafzimmer und einem Badezimmer, alle mit Terrasse, voll ausgestatteter K\u00fcche und Badezimmer sowie privater Tiefgarage und Abstellraum.<\/p>\n<p>Je nach Lage und Wohnfl\u00e4che liegen die Kaufpreise<strong> ab 251.000 Euro<\/strong>. Die Kaufpreise verstehen sich zuz\u00fcglich 10% Mehrwertsteuer.<\/p>\n<p><em><strong>Sei schnell \u2013 <a href=\"https:\/\/lagunaone-mijas.com\/de\/mehr-informationen\/\">Fordern Sie das Informationspaket an<\/a> \u2013 die erste Wahl ist die beste Wahl.<\/strong><\/em><\/p>\n<\/div>\n\n\t\t<\/div>\n\t<\/div>\n\n\t<div class=\"wpb_text_column wpb_content_element\" >\n\t\t<div class=\"wpb_wrapper\">\n\t\t\t<p>M\u00f6chten Sie aktuelle Informationen zu Verf\u00fcgbarkeit und Preisen erhalten? Frag uns <a href=\"http:\/\/meer-informatie\/\"><strong>Informationspaket mit ausf\u00fchrlichen Informationen und Brosch\u00fcre unter &gt;&gt;&gt;<\/strong><\/a><\/p>\n<p>Sie haben eine konkrete Frage oder m\u00f6chten einen Termin vereinbaren? Rufen Sie Ron de Vries unter +34 677 67 04 80 an<\/p>\n\n\t\t<\/div>\n\t<\/div>\n<div class=\"vc_btn3-container vc_btn3-center\" ><a class=\"vc_general vc_btn3 vc_btn3-size-md vc_btn3-shape-square vc_btn3-style-modern vc_btn3-color-warning\" href=\"https:\/\/lagunaone-mijas.com\/de\/mehr-informationen\/\" title=\"Mehr Informationen\">INFORMATIONSPAKET ANFORDERN<\/a><\/div>\n\t\t<\/div>\n\t<\/div>\n\t<\/div>\n\n<\/div>\n<\/div>\n\n<div  class=\"content_row row page-content vc_row wpb_row  default-style fullwidth\" style=\"background-color: #bbac8c;\">\n\t\n\t<div class=\"content_row_wrapper  default\" >\n\t<div id=\"asdasd\" class=\"vc_col-sm-12 wpb_column vc_column_container\" >\n\t<div class=\"vc_column-inner\">\n\t\t<div class=\"wpb_wrapper\" >\n\t\t\t<div class=\"rt_heading_wrapper no-style\">\n\t\t\t\t\t\t<h1 class=\"rt_heading  no-style\"  style=\"font-size:24px;margin-top:24px;margin-bottom:0px;\">Merkmale - <span class=\"after_h1 white\">Laguna Mijas<\/span><\/h1> \n\t\t\t\t\t<\/div><div class=\"vc_empty_space\"   style=\"height: 32px\"><span class=\"vc_empty_space_inner\"><\/span><\/div><div class=\"vc_separator wpb_content_element vc_separator_align_center vc_sep_width_100 vc_sep_style-4 vc_sep_pos_align_center vc_separator_no_text vc_sep_color_grey\" ><span class=\"vc_sep_holder vc_sep_holder_l\"><span class=\"vc_sep_line\"><\/span><\/span><span class=\"vc_sep_holder vc_sep_holder_r\"><span class=\"vc_sep_line\"><\/span><\/span>\n<\/div>\n\t<div class=\"wpb_text_column wpb_content_element\" >\n\t\t<div class=\"wpb_wrapper\">\n\t\t\t\t \n\t\t<div  class=\"bullet-list style-1  check\">\n\t\t<ul>\n<li>5 Minuten vom Strand entfernt<\/li>\n<li>20 Minuten vom Flughafen<\/li>\n<li>1, 2, 3 oder 4 Schlafzimmer<\/li>\n<li>Gro\u00dfz\u00fcgige Terrassen<\/li>\n<li>Schwimmb\u00e4der<\/li>\n<li>Wellnessbereich<\/li>\n<li>Coworking-Bereich<\/li>\n<li>Moderner Fitnessraum<\/li>\n<li>Umweltfreundliches Bauen<\/li>\n<\/ul>\n\n\t\t<\/div>\n\t\n\n\t\t<\/div>\n\t<\/div>\n\n\t\t<\/div>\n\t<\/div>\n\t<\/div>\n\n<\/div>\n<\/div>\n\n<div  class=\"content_row row quote-row vc_row wpb_row  default-style fullwidth\" style=\"background-color: #fcfcfc;\">\n\t\n\t<div class=\"content_row_wrapper  fullwidth\" >\n\t<div id=\"asdasd\" class=\"vc_col-sm-12 wpb_column vc_column_container vc_custom_1644925648982\" >\n\t<div class=\"vc_column-inner\">\n\t\t<div class=\"wpb_wrapper\" >\n\t\t\t<div class=\"rt_heading_wrapper style-3\">\n\t\t\t\t\t\t<h4 class=\"rt_heading serif quote-max-width style-3\" >Informationspaket Laguna Mijas <a href=\"https:\/\/lagunaone-mijas.com\/de\/mehr-informationen\/\"> Fordern Sie Prospekt und aktuelle Preisliste an <\/a><\/h4> \n\t\t\t\t\t<\/div>\n\t\t<\/div>\n\t<\/div>\n\t<\/div>\n\n<\/div>\n<\/div>\n\n<div  class=\"content_row row vc_row wpb_row  default-style fullwidth\" >\n\t\n\t<div class=\"content_row_wrapper  default\" >\n\t<div id=\"asdasd\" class=\"vc_col-sm-12 wpb_column vc_column_container\" >\n\t<div class=\"vc_column-inner\">\n\t\t<div class=\"wpb_wrapper\" >\n\t\t\t<div class=\"vc_btn3-container vc_btn3-center\" ><a class=\"vc_general vc_btn3 vc_btn3-size-md vc_btn3-shape-square vc_btn3-style-modern vc_btn3-color-warning\" href=\"https:\/\/lagunaone-mijas.com\/de\/mehr-informationen\/\" title=\"Mehr Informationen\">INFORMATIONSPAKET ANFORDERN<\/a><\/div>\n\t\t<\/div>\n\t<\/div>\n\t<\/div>\n\n<\/div>\n<\/div>\n<\/section>","protected":false},"excerpt":{"rendered":"<p>\u2026 <a class=\"more-link\" href=\"https:\/\/lagunaone-mijas.com\/de\/der-komplex\/\">Weiterlesen<\/a><\/p>","protected":false},"author":1,"featured_media":4221,"parent":0,"menu_order":3,"comment_status":"closed","ping_status":"closed","template":"","meta":{"footnotes":""},"class_list":["post-95","page","type-page","status-publish","has-post-thumbnail","hentry"],"yoast_head":"<!-- This site is optimized with the Yoast SEO plugin v26.0 - https:\/\/yoast.com\/wordpress\/plugins\/seo\/ -->\n<title>Over Laguna Mijas - Laguna One Mijas<\/title>\n<meta name=\"robots\" content=\"index, follow, max-snippet:-1, max-image-preview:large, max-video-preview:-1\" \/>\n<link rel=\"canonical\" href=\"https:\/\/lagunaone-mijas.com\/de\/der-komplex\/\" \/>\n<meta property=\"og:locale\" content=\"de_DE\" \/>\n<meta property=\"og:type\" content=\"article\" \/>\n<meta property=\"og:title\" content=\"Over Laguna Mijas - Laguna One Mijas\" \/>\n<meta property=\"og:url\" content=\"https:\/\/lagunaone-mijas.com\/de\/der-komplex\/\" \/>\n<meta property=\"og:site_name\" content=\"Laguna One Mijas\" \/>\n<meta property=\"article:modified_time\" content=\"2025-12-23T15:53:40+00:00\" \/>\n<meta property=\"og:image\" content=\"https:\/\/lagunaone-mijas.com\/wp-content\/uploads\/sites\/54\/2025\/05\/LAGUNAONE_0-scaled.jpg\" \/>\n\t<meta property=\"og:image:width\" content=\"2560\" \/>\n\t<meta property=\"og:image:height\" content=\"1440\" \/>\n\t<meta property=\"og:image:type\" content=\"image\/jpeg\" \/>\n<meta name=\"twitter:card\" content=\"summary_large_image\" \/>\n<meta name=\"twitter:label1\" content=\"Gesch\u00e4tzte Lesezeit\" \/>\n\t<meta name=\"twitter:data1\" content=\"4\u00a0Minuten\" \/>\n<script type=\"application\/ld+json\" class=\"yoast-schema-graph\">{\"@context\":\"https:\/\/schema.org\",\"@graph\":[{\"@type\":\"WebPage\",\"@id\":\"https:\/\/lagunaone-mijas.com\/het-complex\/\",\"url\":\"https:\/\/lagunaone-mijas.com\/het-complex\/\",\"name\":\"Over Laguna Mijas - Laguna One Mijas\",\"isPartOf\":{\"@id\":\"https:\/\/lagunaone-mijas.com\/#website\"},\"primaryImageOfPage\":{\"@id\":\"https:\/\/lagunaone-mijas.com\/het-complex\/#primaryimage\"},\"image\":{\"@id\":\"https:\/\/lagunaone-mijas.com\/het-complex\/#primaryimage\"},\"thumbnailUrl\":\"https:\/\/lagunaone-mijas.com\/wp-content\/uploads\/sites\/54\/2025\/05\/LAGUNAONE_0-scaled.jpg\",\"datePublished\":\"2022-01-27T10:58:29+00:00\",\"dateModified\":\"2025-12-23T15:53:40+00:00\",\"breadcrumb\":{\"@id\":\"https:\/\/lagunaone-mijas.com\/het-complex\/#breadcrumb\"},\"inLanguage\":\"de\",\"potentialAction\":[{\"@type\":\"ReadAction\",\"target\":[\"https:\/\/lagunaone-mijas.com\/het-complex\/\"]}]},{\"@type\":\"ImageObject\",\"inLanguage\":\"de\",\"@id\":\"https:\/\/lagunaone-mijas.com\/het-complex\/#primaryimage\",\"url\":\"https:\/\/lagunaone-mijas.com\/wp-content\/uploads\/sites\/54\/2025\/05\/LAGUNAONE_0-scaled.jpg\",\"contentUrl\":\"https:\/\/lagunaone-mijas.com\/wp-content\/uploads\/sites\/54\/2025\/05\/LAGUNAONE_0-scaled.jpg\",\"width\":2560,\"height\":1440},{\"@type\":\"BreadcrumbList\",\"@id\":\"https:\/\/lagunaone-mijas.com\/het-complex\/#breadcrumb\",\"itemListElement\":[{\"@type\":\"ListItem\",\"position\":1,\"name\":\"Home\",\"item\":\"https:\/\/lagunaone-mijas.com\/\"},{\"@type\":\"ListItem\",\"position\":2,\"name\":\"Over Laguna Mijas\"}]},{\"@type\":\"WebSite\",\"@id\":\"https:\/\/lagunaone-mijas.com\/#website\",\"url\":\"https:\/\/lagunaone-mijas.com\/\",\"name\":\"Laguna One Mijas\",\"description\":\"Leef de leefstijl die je verdient\",\"potentialAction\":[{\"@type\":\"SearchAction\",\"target\":{\"@type\":\"EntryPoint\",\"urlTemplate\":\"https:\/\/lagunaone-mijas.com\/?s={search_term_string}\"},\"query-input\":{\"@type\":\"PropertyValueSpecification\",\"valueRequired\":true,\"valueName\":\"search_term_string\"}}],\"inLanguage\":\"de\"}]}<\/script>\n<!-- \/ Yoast SEO plugin. -->","yoast_head_json":{"title":"\u00dcber Laguna Mijas - Laguna One Mijas","robots":{"index":"index","follow":"follow","max-snippet":"max-snippet:-1","max-image-preview":"max-image-preview:large","max-video-preview":"max-video-preview:-1"},"canonical":"https:\/\/lagunaone-mijas.com\/de\/der-komplex\/","og_locale":"de_DE","og_type":"article","og_title":"Over Laguna Mijas - Laguna One Mijas","og_url":"https:\/\/lagunaone-mijas.com\/de\/der-komplex\/","og_site_name":"Laguna One Mijas","article_modified_time":"2025-12-23T15:53:40+00:00","og_image":[{"width":2560,"height":1440,"url":"https:\/\/lagunaone-mijas.com\/wp-content\/uploads\/sites\/54\/2025\/05\/LAGUNAONE_0-scaled.jpg","type":"image\/jpeg"}],"twitter_card":"summary_large_image","twitter_misc":{"Gesch\u00e4tzte Lesezeit":"4\u00a0Minuten"},"schema":{"@context":"https:\/\/schema.org","@graph":[{"@type":"WebPage","@id":"https:\/\/lagunaone-mijas.com\/het-complex\/","url":"https:\/\/lagunaone-mijas.com\/het-complex\/","name":"\u00dcber Laguna Mijas - Laguna One Mijas","isPartOf":{"@id":"https:\/\/lagunaone-mijas.com\/#website"},"primaryImageOfPage":{"@id":"https:\/\/lagunaone-mijas.com\/het-complex\/#primaryimage"},"image":{"@id":"https:\/\/lagunaone-mijas.com\/het-complex\/#primaryimage"},"thumbnailUrl":"https:\/\/lagunaone-mijas.com\/wp-content\/uploads\/sites\/54\/2025\/05\/LAGUNAONE_0-scaled.jpg","datePublished":"2022-01-27T10:58:29+00:00","dateModified":"2025-12-23T15:53:40+00:00","breadcrumb":{"@id":"https:\/\/lagunaone-mijas.com\/het-complex\/#breadcrumb"},"inLanguage":"de","potentialAction":[{"@type":"ReadAction","target":["https:\/\/lagunaone-mijas.com\/het-complex\/"]}]},{"@type":"ImageObject","inLanguage":"de","@id":"https:\/\/lagunaone-mijas.com\/het-complex\/#primaryimage","url":"https:\/\/lagunaone-mijas.com\/wp-content\/uploads\/sites\/54\/2025\/05\/LAGUNAONE_0-scaled.jpg","contentUrl":"https:\/\/lagunaone-mijas.com\/wp-content\/uploads\/sites\/54\/2025\/05\/LAGUNAONE_0-scaled.jpg","width":2560,"height":1440},{"@type":"BreadcrumbList","@id":"https:\/\/lagunaone-mijas.com\/het-complex\/#breadcrumb","itemListElement":[{"@type":"ListItem","position":1,"name":"Home","item":"https:\/\/lagunaone-mijas.com\/"},{"@type":"ListItem","position":2,"name":"Over Laguna Mijas"}]},{"@type":"WebSite","@id":"https:\/\/lagunaone-mijas.com\/#website","url":"https:\/\/lagunaone-mijas.com\/","name":"Laguna One Mijas","description":"Leben Sie den Lebensstil, den Sie verdienen","potentialAction":[{"@type":"SearchAction","target":{"@type":"EntryPoint","urlTemplate":"https:\/\/lagunaone-mijas.com\/?s={search_term_string}"},"query-input":{"@type":"PropertyValueSpecification","valueRequired":true,"valueName":"search_term_string"}}],"inLanguage":"de"}]}},"_links":{"self":[{"href":"https:\/\/lagunaone-mijas.com\/de\/wp-json\/wp\/v2\/pages\/95","targetHints":{"allow":["GET"]}}],"collection":[{"href":"https:\/\/lagunaone-mijas.com\/de\/wp-json\/wp\/v2\/pages"}],"about":[{"href":"https:\/\/lagunaone-mijas.com\/de\/wp-json\/wp\/v2\/types\/page"}],"author":[{"embeddable":true,"href":"https:\/\/lagunaone-mijas.com\/de\/wp-json\/wp\/v2\/users\/1"}],"replies":[{"embeddable":true,"href":"https:\/\/lagunaone-mijas.com\/de\/wp-json\/wp\/v2\/comments?post=95"}],"version-history":[{"count":57,"href":"https:\/\/lagunaone-mijas.com\/de\/wp-json\/wp\/v2\/pages\/95\/revisions"}],"predecessor-version":[{"id":4263,"href":"https:\/\/lagunaone-mijas.com\/de\/wp-json\/wp\/v2\/pages\/95\/revisions\/4263"}],"wp:featuredmedia":[{"embeddable":true,"href":"https:\/\/lagunaone-mijas.com\/de\/wp-json\/wp\/v2\/media\/4221"}],"wp:attachment":[{"href":"https:\/\/lagunaone-mijas.com\/de\/wp-json\/wp\/v2\/media?parent=95"}],"curies":[{"name":"wp","href":"https:\/\/api.w.org\/{rel}","templated":true}]}}