{"id":95,"date":"2022-01-27T10:58:29","date_gmt":"2022-01-27T10:58:29","guid":{"rendered":"http:\/\/cognito.mprinsdesign.nl\/?page_id=95"},"modified":"2025-12-23T15:53:40","modified_gmt":"2025-12-23T15:53:40","slug":"komplex","status":"publish","type":"page","link":"https:\/\/lagunaone-mijas.com\/cs\/komplex\/","title":{"rendered":"O Laguna Mijas"},"content":{"rendered":"<section class=\"wpb-content-wrapper\"><div  class=\"content_row row page-content vc_row wpb_row  default-style fullwidth\" >\n\t\n\t<div class=\"content_row_wrapper  default\" >\n\t<div id=\"asdasd\" class=\"vc_col-sm-12 wpb_column vc_column_container\" >\n\t<div class=\"vc_column-inner\">\n\t\t<div class=\"wpb_wrapper\" >\n\t\t\t<div class=\"rt_heading_wrapper no-style\">\n\t\t\t\t\t\t<h1 class=\"rt_heading  no-style\"  style=\"font-size:24px;margin-top:24px;margin-bottom:0px;\">Laguna One Mijas \u2013 <span class=\"after_h1\">O\u00e1za m\u00edru a kultivovanosti<\/span><\/h1> \n\t\t\t\t\t<\/div><div class=\"vc_empty_space\"   style=\"height: 32px\"><span class=\"vc_empty_space_inner\"><\/span><\/div><div class=\"vc_separator wpb_content_element vc_separator_align_center vc_sep_width_100 vc_sep_style-4 vc_sep_pos_align_center vc_separator_no_text vc_sep_color_grey\" ><span class=\"vc_sep_holder vc_sep_holder_l\"><span class=\"vc_sep_line\"><\/span><\/span><span class=\"vc_sep_holder vc_sep_holder_r\"><span class=\"vc_sep_line\"><\/span><\/span>\n<\/div><div class=\"vc_empty_space\"   style=\"height: 32px\"><span class=\"vc_empty_space_inner\"><\/span><\/div>\n\t<div class=\"wpb_text_column wpb_content_element\" >\n\t\t<div class=\"wpb_wrapper\">\n\t\t\t<div class=\"\">\n<p>LAGUNA ONE Mijas se nach\u00e1z\u00ed v privilegovan\u00e9 oblasti, obklopen\u00e9 zaveden\u00fdmi reziden\u010dn\u00edmi oblastmi Jardines de las Lagunas I a II. Tato prosperuj\u00edc\u00ed \u010dtvr\u0165 se stala jednou z nejvyhled\u00e1van\u011bj\u0161\u00edch v oblasti d\u00edky<br \/>\nd\u00edky kombinaci modern\u00ed infrastruktury, zelen\u00fdch ploch a bl\u00edzkosti z\u00e1kladn\u00edch slu\u017eeb. Tento modern\u00ed reziden\u010dn\u00ed projekt se skl\u00e1d\u00e1 ze 116 stylov\u00fdch loftov\u00fdch byt\u016f s jednou lo\u017enic\u00ed. Tyto domy jsou ur\u010deny pro lidi, kte\u0159\u00ed si cen\u00ed funk\u010dnosti, pohodl\u00ed a vynikaj\u00edc\u00edho pom\u011bru ceny a kvality. Lokalita je velmi obl\u00edben\u00e1 pro trval\u00e9 bydlen\u00ed i rekrea\u010dn\u00ed pron\u00e1jem. <strong>Ide\u00e1ln\u00ed jako prvn\u00ed domov, druh\u00e9 bydlen\u00ed nebo chytr\u00e1 investice.<\/strong><\/p>\n<p><strong data-start=\"589\" data-end=\"618\">Vlastnosti dom\u016f<\/strong><\/p>\n<ul data-start=\"619\" data-end=\"905\">\n<li data-start=\"619\" data-end=\"649\">\n<p data-start=\"621\" data-end=\"649\">Otev\u0159en\u00e9 a sv\u011btl\u00e9 p\u016fdorysy<\/p>\n<\/li>\n<li data-start=\"650\" data-end=\"691\">\n<p data-start=\"652\" data-end=\"691\">Terasy jako roz\u0161\u00ed\u0159en\u00ed domu<\/p>\n<\/li>\n<li data-start=\"692\" data-end=\"744\">\n<p data-start=\"694\" data-end=\"744\">Tepl\u00e9, p\u0159\u00edrodn\u00ed materi\u00e1ly a modern\u00ed povrchov\u00e1 \u00faprava<\/p>\n<\/li>\n<li data-start=\"745\" data-end=\"776\">\n<p data-start=\"747\" data-end=\"776\">Soukrom\u00e9 parkov\u00e1n\u00ed v cen\u011b<\/p>\n<\/li>\n<li data-start=\"777\" data-end=\"905\">\n<p data-start=\"779\" data-end=\"905\">Spole\u010dn\u00e9 z\u00e1zem\u00ed: baz\u00e9n, fitness centrum, coworkingov\u00fd prostor a gril<\/p>\n<\/li>\n<\/ul>\n<p>\u017divot zde znamen\u00e1 b\u00fdt sou\u010d\u00e1st\u00ed rostouc\u00ed, vysoce kvalitn\u00ed komunity, kter\u00e1 nab\u00edz\u00ed dokonalou rovnov\u00e1hu mezi komfortem, prakti\u010dnost\u00ed a investi\u010dn\u00edm potenci\u00e1lem.<\/p>\n<\/div>\n\n\t\t<\/div>\n\t<\/div>\n\n\t<div  class=\"wpb_single_image wpb_content_element vc_align_center\">\n\t\t\n\t\t<figure class=\"wpb_wrapper vc_figure\">\n\t\t\t<div class=\"vc_single_image-wrapper   vc_box_border_grey\"><img fetchpriority=\"high\" decoding=\"async\" width=\"2560\" height=\"1440\" src=\"https:\/\/lagunaone-mijas.com\/wp-content\/uploads\/sites\/54\/2022\/10\/LAGUNAONE_7-scaled.jpg\" class=\"vc_single_image-img attachment-full\" alt=\"\" title=\"LAGUNAONE_7\" srcset=\"https:\/\/lagunaone-mijas.com\/wp-content\/uploads\/sites\/54\/2022\/10\/LAGUNAONE_7-scaled.jpg 2560w, https:\/\/lagunaone-mijas.com\/wp-content\/uploads\/sites\/54\/2022\/10\/LAGUNAONE_7-300x169.jpg 300w, https:\/\/lagunaone-mijas.com\/wp-content\/uploads\/sites\/54\/2022\/10\/LAGUNAONE_7-1024x576.jpg 1024w, https:\/\/lagunaone-mijas.com\/wp-content\/uploads\/sites\/54\/2022\/10\/LAGUNAONE_7-768x432.jpg 768w, https:\/\/lagunaone-mijas.com\/wp-content\/uploads\/sites\/54\/2022\/10\/LAGUNAONE_7-1536x864.jpg 1536w, https:\/\/lagunaone-mijas.com\/wp-content\/uploads\/sites\/54\/2022\/10\/LAGUNAONE_7-2048x1152.jpg 2048w, https:\/\/lagunaone-mijas.com\/wp-content\/uploads\/sites\/54\/2022\/10\/LAGUNAONE_7-18x10.jpg 18w\" sizes=\"(max-width: 2560px) 100vw, 2560px\" \/><\/div>\n\t\t<\/figure>\n\t<\/div>\n<div class=\"vc_btn3-container vc_btn3-center\" id=\"info\" ><a class=\"vc_general vc_btn3 vc_btn3-size-md vc_btn3-shape-square vc_btn3-style-modern vc_btn3-color-warning\" href=\"https:\/\/lagunaone-mijas.com\/cs\/vice-informaci\/\" title=\"V\u00edce informac\u00ed\">VY\u017d\u00c1DEJTE INFORMA\u010cN\u00cd BAL\u00cd\u010cEK<\/a><\/div>\n\t<div class=\"wpb_text_column wpb_content_element\" >\n\t\t<div class=\"wpb_wrapper\">\n\t\t\t<p>Interi\u00e9r je navr\u017een tak, aby poskytoval tepl\u00fd a modern\u00ed z\u00e1\u017eitek z bydlen\u00ed. Otev\u0159en\u00e9 prostory plynule propojuj\u00ed ob\u00fdvac\u00ed pokoj, kuchy\u0148 a lo\u017enici, zat\u00edmco tepl\u00e9 t\u00f3ny a pe\u010dliv\u011b vybran\u00e9 p\u0159\u00edrodn\u00ed materi\u00e1ly vytv\u00e1\u0159ej\u00ed sv\u011btlou a vyv\u00e1\u017eenou atmosf\u00e9ru.<br \/>\nTerasa, navr\u017een\u00e1 jako prodlou\u017een\u00ed va\u0161eho domova, v\u00e1s zve k tomu, abyste si ka\u017ed\u00fd den u\u017e\u00edvali sv\u011btla a okol\u00ed.<\/p>\n\n\t\t<\/div>\n\t<\/div>\n\n\t<div  class=\"wpb_single_image wpb_content_element vc_align_center\">\n\t\t\n\t\t<figure class=\"wpb_wrapper vc_figure\">\n\t\t\t<div class=\"vc_single_image-wrapper   vc_box_border_grey\"><img decoding=\"async\" width=\"2560\" height=\"1440\" src=\"https:\/\/lagunaone-mijas.com\/wp-content\/uploads\/sites\/54\/2022\/03\/LAGUNAONE_5-scaled.jpg\" class=\"vc_single_image-img attachment-full\" alt=\"\" title=\"LAGUNAONE_5\" srcset=\"https:\/\/lagunaone-mijas.com\/wp-content\/uploads\/sites\/54\/2022\/03\/LAGUNAONE_5-scaled.jpg 2560w, https:\/\/lagunaone-mijas.com\/wp-content\/uploads\/sites\/54\/2022\/03\/LAGUNAONE_5-300x169.jpg 300w, https:\/\/lagunaone-mijas.com\/wp-content\/uploads\/sites\/54\/2022\/03\/LAGUNAONE_5-1024x576.jpg 1024w, https:\/\/lagunaone-mijas.com\/wp-content\/uploads\/sites\/54\/2022\/03\/LAGUNAONE_5-768x432.jpg 768w, https:\/\/lagunaone-mijas.com\/wp-content\/uploads\/sites\/54\/2022\/03\/LAGUNAONE_5-1536x864.jpg 1536w, https:\/\/lagunaone-mijas.com\/wp-content\/uploads\/sites\/54\/2022\/03\/LAGUNAONE_5-2048x1152.jpg 2048w, https:\/\/lagunaone-mijas.com\/wp-content\/uploads\/sites\/54\/2022\/03\/LAGUNAONE_5-18x10.jpg 18w\" sizes=\"(max-width: 2560px) 100vw, 2560px\" \/><\/div>\n\t\t<\/figure>\n\t<\/div>\n\n\t<div class=\"wpb_text_column wpb_content_element\" >\n\t\t<div class=\"wpb_wrapper\">\n\t\t\t<div class=\"\">\n<p><strong>Ceny Laguny One<\/strong><\/p>\n<p>Laguna One nab\u00edz\u00ed pouze apartm\u00e1ny s jednou lo\u017enic\u00ed a jednou koupelnou, v\u0161echny s terasami, pln\u011b vybaven\u00fdmi kuchyn\u011bmi a koupelnami a se soukrom\u00fdm podzemn\u00edm parkov\u00e1n\u00edm a \u00falo\u017en\u00fdm prostorem.<\/p>\n<p>V z\u00e1vislosti na lokalit\u011b a podla\u017en\u00ed plo\u0161e se kupn\u00ed ceny li\u0161\u00ed...<strong> od 251 000 eur<\/strong>. Kupn\u00ed ceny jsou bez DPH 10%.<\/p>\n<p><em><strong>Bu\u010fte rychl\u00ed \u2013 <a href=\"https:\/\/lagunaone-mijas.com\/cs\/vice-informaci\/\">vy\u017e\u00e1dejte si informa\u010dn\u00ed bal\u00ed\u010dek<\/a> \u2013 prvn\u00ed volba je nejlep\u0161\u00ed volba.<\/strong><\/em><\/p>\n<\/div>\n\n\t\t<\/div>\n\t<\/div>\n\n\t<div class=\"wpb_text_column wpb_content_element\" >\n\t\t<div class=\"wpb_wrapper\">\n\t\t\t<p>Chcete dost\u00e1vat nejnov\u011bj\u0161\u00ed informace o dostupnosti a cen\u00e1ch? Zeptej se n\u00e1s <a href=\"http:\/\/meer-informatie\/\"><strong>informa\u010dn\u00ed bal\u00ed\u010dek s rozs\u00e1hl\u00fdmi informacemi a bro\u017eurou na &gt;&gt;&gt;<\/strong><\/a><\/p>\n<p>M\u00e1te konkr\u00e9tn\u00ed dotaz nebo byste si cht\u011bli domluvit sch\u016fzku? Zavolejte Ronovi de Vriesovi na \u010d\u00edslo +34 677 67 04 80<\/p>\n\n\t\t<\/div>\n\t<\/div>\n<div class=\"vc_btn3-container vc_btn3-center\" ><a class=\"vc_general vc_btn3 vc_btn3-size-md vc_btn3-shape-square vc_btn3-style-modern vc_btn3-color-warning\" href=\"https:\/\/lagunaone-mijas.com\/cs\/vice-informaci\/\" title=\"V\u00edce informac\u00ed\">VY\u017d\u00c1DEJTE INFORMA\u010cN\u00cd BAL\u00cd\u010cEK<\/a><\/div>\n\t\t<\/div>\n\t<\/div>\n\t<\/div>\n\n<\/div>\n<\/div>\n\n<div  class=\"content_row row page-content vc_row wpb_row  default-style fullwidth\" style=\"background-color: #bbac8c;\">\n\t\n\t<div class=\"content_row_wrapper  default\" >\n\t<div id=\"asdasd\" class=\"vc_col-sm-12 wpb_column vc_column_container\" >\n\t<div class=\"vc_column-inner\">\n\t\t<div class=\"wpb_wrapper\" >\n\t\t\t<div class=\"rt_heading_wrapper no-style\">\n\t\t\t\t\t\t<h1 class=\"rt_heading  no-style\"  style=\"font-size:24px;margin-top:24px;margin-bottom:0px;\">Funkce - <span class=\"after_h1 white\">Laguna Mijas<\/span><\/h1> \n\t\t\t\t\t<\/div><div class=\"vc_empty_space\"   style=\"height: 32px\"><span class=\"vc_empty_space_inner\"><\/span><\/div><div class=\"vc_separator wpb_content_element vc_separator_align_center vc_sep_width_100 vc_sep_style-4 vc_sep_pos_align_center vc_separator_no_text vc_sep_color_grey\" ><span class=\"vc_sep_holder vc_sep_holder_l\"><span class=\"vc_sep_line\"><\/span><\/span><span class=\"vc_sep_holder vc_sep_holder_r\"><span class=\"vc_sep_line\"><\/span><\/span>\n<\/div>\n\t<div class=\"wpb_text_column wpb_content_element\" >\n\t\t<div class=\"wpb_wrapper\">\n\t\t\t\t \n\t\t<div  class=\"bullet-list style-1  check\">\n\t\t<ul>\n<li>5 min od pl\u00e1\u017ee<\/li>\n<li>20 min od leti\u0161t\u011b<\/li>\n<li>1, 2, 3 nebo 4 lo\u017enice<\/li>\n<li>Prostorn\u00e9 terasy<\/li>\n<li>Baz\u00e9ny<\/li>\n<li>Wellness z\u00f3na<\/li>\n<li>Co-workingov\u00fd prostor<\/li>\n<li>Modern\u00ed fitness m\u00edstnost<\/li>\n<li>Ekologick\u00e1 stavba<\/li>\n<\/ul>\n\n\t\t<\/div>\n\t\n\n\t\t<\/div>\n\t<\/div>\n\n\t\t<\/div>\n\t<\/div>\n\t<\/div>\n\n<\/div>\n<\/div>\n\n<div  class=\"content_row row quote-row vc_row wpb_row  default-style fullwidth\" style=\"background-color: #fcfcfc;\">\n\t\n\t<div class=\"content_row_wrapper  fullwidth\" >\n\t<div id=\"asdasd\" class=\"vc_col-sm-12 wpb_column vc_column_container vc_custom_1644925648982\" >\n\t<div class=\"vc_column-inner\">\n\t\t<div class=\"wpb_wrapper\" >\n\t\t\t<div class=\"rt_heading_wrapper style-3\">\n\t\t\t\t\t\t<h4 class=\"rt_heading serif quote-max-width style-3\" >Informa\u010dn\u00ed bal\u00ed\u010dek Laguna Mijas <a href=\"https:\/\/lagunaone-mijas.com\/cs\/vice-informaci\/\"> Vy\u017e\u00e1dejte si bro\u017euru a nejnov\u011bj\u0161\u00ed cen\u00edk <\/a><\/h4> \n\t\t\t\t\t<\/div>\n\t\t<\/div>\n\t<\/div>\n\t<\/div>\n\n<\/div>\n<\/div>\n\n<div  class=\"content_row row vc_row wpb_row  default-style fullwidth\" >\n\t\n\t<div class=\"content_row_wrapper  default\" >\n\t<div id=\"asdasd\" class=\"vc_col-sm-12 wpb_column vc_column_container\" >\n\t<div class=\"vc_column-inner\">\n\t\t<div class=\"wpb_wrapper\" >\n\t\t\t<div class=\"vc_btn3-container vc_btn3-center\" ><a class=\"vc_general vc_btn3 vc_btn3-size-md vc_btn3-shape-square vc_btn3-style-modern vc_btn3-color-warning\" href=\"https:\/\/lagunaone-mijas.com\/cs\/vice-informaci\/\" title=\"V\u00edce informac\u00ed\">VY\u017d\u00c1DEJTE INFORMA\u010cN\u00cd BAL\u00cd\u010cEK<\/a><\/div>\n\t\t<\/div>\n\t<\/div>\n\t<\/div>\n\n<\/div>\n<\/div>\n<\/section>","protected":false},"excerpt":{"rendered":"<p>\u2026 <a class=\"more-link\" href=\"https:\/\/lagunaone-mijas.com\/cs\/komplex\/\">pokra\u010dovat ve \u010dten\u00ed<\/a><\/p>","protected":false},"author":1,"featured_media":4221,"parent":0,"menu_order":3,"comment_status":"closed","ping_status":"closed","template":"","meta":{"footnotes":""},"class_list":["post-95","page","type-page","status-publish","has-post-thumbnail","hentry"],"yoast_head":"<!-- This site is optimized with the Yoast SEO plugin v26.0 - https:\/\/yoast.com\/wordpress\/plugins\/seo\/ -->\n<title>Over Laguna Mijas - Laguna One Mijas<\/title>\n<meta name=\"robots\" content=\"index, follow, max-snippet:-1, max-image-preview:large, max-video-preview:-1\" \/>\n<link rel=\"canonical\" href=\"https:\/\/lagunaone-mijas.com\/cs\/komplex\/\" \/>\n<meta property=\"og:locale\" content=\"cs_CZ\" \/>\n<meta property=\"og:type\" content=\"article\" \/>\n<meta property=\"og:title\" content=\"Over Laguna Mijas - Laguna One Mijas\" \/>\n<meta property=\"og:url\" content=\"https:\/\/lagunaone-mijas.com\/cs\/komplex\/\" \/>\n<meta property=\"og:site_name\" content=\"Laguna One Mijas\" \/>\n<meta property=\"article:modified_time\" content=\"2025-12-23T15:53:40+00:00\" \/>\n<meta property=\"og:image\" content=\"https:\/\/lagunaone-mijas.com\/wp-content\/uploads\/sites\/54\/2025\/05\/LAGUNAONE_0-scaled.jpg\" \/>\n\t<meta property=\"og:image:width\" content=\"2560\" \/>\n\t<meta property=\"og:image:height\" content=\"1440\" \/>\n\t<meta property=\"og:image:type\" content=\"image\/jpeg\" \/>\n<meta name=\"twitter:card\" content=\"summary_large_image\" \/>\n<meta name=\"twitter:label1\" content=\"Odhadovan\u00e1 doba \u010dten\u00ed\" \/>\n\t<meta name=\"twitter:data1\" content=\"4 minuty\" \/>\n<script type=\"application\/ld+json\" class=\"yoast-schema-graph\">{\"@context\":\"https:\/\/schema.org\",\"@graph\":[{\"@type\":\"WebPage\",\"@id\":\"https:\/\/lagunaone-mijas.com\/het-complex\/\",\"url\":\"https:\/\/lagunaone-mijas.com\/het-complex\/\",\"name\":\"Over Laguna Mijas - Laguna One Mijas\",\"isPartOf\":{\"@id\":\"https:\/\/lagunaone-mijas.com\/#website\"},\"primaryImageOfPage\":{\"@id\":\"https:\/\/lagunaone-mijas.com\/het-complex\/#primaryimage\"},\"image\":{\"@id\":\"https:\/\/lagunaone-mijas.com\/het-complex\/#primaryimage\"},\"thumbnailUrl\":\"https:\/\/lagunaone-mijas.com\/wp-content\/uploads\/sites\/54\/2025\/05\/LAGUNAONE_0-scaled.jpg\",\"datePublished\":\"2022-01-27T10:58:29+00:00\",\"dateModified\":\"2025-12-23T15:53:40+00:00\",\"breadcrumb\":{\"@id\":\"https:\/\/lagunaone-mijas.com\/het-complex\/#breadcrumb\"},\"inLanguage\":\"cs\",\"potentialAction\":[{\"@type\":\"ReadAction\",\"target\":[\"https:\/\/lagunaone-mijas.com\/het-complex\/\"]}]},{\"@type\":\"ImageObject\",\"inLanguage\":\"cs\",\"@id\":\"https:\/\/lagunaone-mijas.com\/het-complex\/#primaryimage\",\"url\":\"https:\/\/lagunaone-mijas.com\/wp-content\/uploads\/sites\/54\/2025\/05\/LAGUNAONE_0-scaled.jpg\",\"contentUrl\":\"https:\/\/lagunaone-mijas.com\/wp-content\/uploads\/sites\/54\/2025\/05\/LAGUNAONE_0-scaled.jpg\",\"width\":2560,\"height\":1440},{\"@type\":\"BreadcrumbList\",\"@id\":\"https:\/\/lagunaone-mijas.com\/het-complex\/#breadcrumb\",\"itemListElement\":[{\"@type\":\"ListItem\",\"position\":1,\"name\":\"Home\",\"item\":\"https:\/\/lagunaone-mijas.com\/\"},{\"@type\":\"ListItem\",\"position\":2,\"name\":\"Over Laguna Mijas\"}]},{\"@type\":\"WebSite\",\"@id\":\"https:\/\/lagunaone-mijas.com\/#website\",\"url\":\"https:\/\/lagunaone-mijas.com\/\",\"name\":\"Laguna One Mijas\",\"description\":\"Leef de leefstijl die je verdient\",\"potentialAction\":[{\"@type\":\"SearchAction\",\"target\":{\"@type\":\"EntryPoint\",\"urlTemplate\":\"https:\/\/lagunaone-mijas.com\/?s={search_term_string}\"},\"query-input\":{\"@type\":\"PropertyValueSpecification\",\"valueRequired\":true,\"valueName\":\"search_term_string\"}}],\"inLanguage\":\"cs\"}]}<\/script>\n<!-- \/ Yoast SEO plugin. -->","yoast_head_json":{"title":"O Laguna Mijas - Laguna One Mijas","robots":{"index":"index","follow":"follow","max-snippet":"max-snippet:-1","max-image-preview":"max-image-preview:large","max-video-preview":"max-video-preview:-1"},"canonical":"https:\/\/lagunaone-mijas.com\/cs\/komplex\/","og_locale":"cs_CZ","og_type":"article","og_title":"Over Laguna Mijas - Laguna One Mijas","og_url":"https:\/\/lagunaone-mijas.com\/cs\/komplex\/","og_site_name":"Laguna One Mijas","article_modified_time":"2025-12-23T15:53:40+00:00","og_image":[{"width":2560,"height":1440,"url":"https:\/\/lagunaone-mijas.com\/wp-content\/uploads\/sites\/54\/2025\/05\/LAGUNAONE_0-scaled.jpg","type":"image\/jpeg"}],"twitter_card":"summary_large_image","twitter_misc":{"Odhadovan\u00e1 doba \u010dten\u00ed":"4 minuty"},"schema":{"@context":"https:\/\/schema.org","@graph":[{"@type":"WebPage","@id":"https:\/\/lagunaone-mijas.com\/het-complex\/","url":"https:\/\/lagunaone-mijas.com\/het-complex\/","name":"O Laguna Mijas - Laguna One Mijas","isPartOf":{"@id":"https:\/\/lagunaone-mijas.com\/#website"},"primaryImageOfPage":{"@id":"https:\/\/lagunaone-mijas.com\/het-complex\/#primaryimage"},"image":{"@id":"https:\/\/lagunaone-mijas.com\/het-complex\/#primaryimage"},"thumbnailUrl":"https:\/\/lagunaone-mijas.com\/wp-content\/uploads\/sites\/54\/2025\/05\/LAGUNAONE_0-scaled.jpg","datePublished":"2022-01-27T10:58:29+00:00","dateModified":"2025-12-23T15:53:40+00:00","breadcrumb":{"@id":"https:\/\/lagunaone-mijas.com\/het-complex\/#breadcrumb"},"inLanguage":"cs","potentialAction":[{"@type":"ReadAction","target":["https:\/\/lagunaone-mijas.com\/het-complex\/"]}]},{"@type":"ImageObject","inLanguage":"cs","@id":"https:\/\/lagunaone-mijas.com\/het-complex\/#primaryimage","url":"https:\/\/lagunaone-mijas.com\/wp-content\/uploads\/sites\/54\/2025\/05\/LAGUNAONE_0-scaled.jpg","contentUrl":"https:\/\/lagunaone-mijas.com\/wp-content\/uploads\/sites\/54\/2025\/05\/LAGUNAONE_0-scaled.jpg","width":2560,"height":1440},{"@type":"BreadcrumbList","@id":"https:\/\/lagunaone-mijas.com\/het-complex\/#breadcrumb","itemListElement":[{"@type":"ListItem","position":1,"name":"Home","item":"https:\/\/lagunaone-mijas.com\/"},{"@type":"ListItem","position":2,"name":"Over Laguna Mijas"}]},{"@type":"WebSite","@id":"https:\/\/lagunaone-mijas.com\/#website","url":"https:\/\/lagunaone-mijas.com\/","name":"Laguna One Mijas","description":"\u017dijte \u017eivotn\u00ed styl, jak\u00fd si zaslou\u017e\u00edte","potentialAction":[{"@type":"SearchAction","target":{"@type":"EntryPoint","urlTemplate":"https:\/\/lagunaone-mijas.com\/?s={search_term_string}"},"query-input":{"@type":"PropertyValueSpecification","valueRequired":true,"valueName":"search_term_string"}}],"inLanguage":"cs"}]}},"_links":{"self":[{"href":"https:\/\/lagunaone-mijas.com\/cs\/wp-json\/wp\/v2\/pages\/95","targetHints":{"allow":["GET"]}}],"collection":[{"href":"https:\/\/lagunaone-mijas.com\/cs\/wp-json\/wp\/v2\/pages"}],"about":[{"href":"https:\/\/lagunaone-mijas.com\/cs\/wp-json\/wp\/v2\/types\/page"}],"author":[{"embeddable":true,"href":"https:\/\/lagunaone-mijas.com\/cs\/wp-json\/wp\/v2\/users\/1"}],"replies":[{"embeddable":true,"href":"https:\/\/lagunaone-mijas.com\/cs\/wp-json\/wp\/v2\/comments?post=95"}],"version-history":[{"count":57,"href":"https:\/\/lagunaone-mijas.com\/cs\/wp-json\/wp\/v2\/pages\/95\/revisions"}],"predecessor-version":[{"id":4263,"href":"https:\/\/lagunaone-mijas.com\/cs\/wp-json\/wp\/v2\/pages\/95\/revisions\/4263"}],"wp:featuredmedia":[{"embeddable":true,"href":"https:\/\/lagunaone-mijas.com\/cs\/wp-json\/wp\/v2\/media\/4221"}],"wp:attachment":[{"href":"https:\/\/lagunaone-mijas.com\/cs\/wp-json\/wp\/v2\/media?parent=95"}],"curies":[{"name":"wp","href":"https:\/\/api.w.org\/{rel}","templated":true}]}}