{"id":4069,"date":"2022-10-20T09:18:52","date_gmt":"2022-10-20T09:18:52","guid":{"rendered":"https:\/\/lagunaone-mijas.com\/?page_id=4069"},"modified":"2022-10-20T10:45:42","modified_gmt":"2022-10-20T10:45:42","slug":"o-nas","status":"publish","type":"page","link":"https:\/\/lagunaone-mijas.com\/cs\/o-nas\/","title":{"rendered":"O n\u00e1s"},"content":{"rendered":"<section class=\"wpb-content-wrapper\"><div  class=\"content_row row vc_row wpb_row  default-style fullwidth rt-flex-wrapper\" >\n\t\n\t<div class=\"content_row_wrapper align-contents content-align-bottom default\" >\n\t<div id=\"asdasd\" class=\"vc_col-sm-12 wpb_column vc_column_container\" >\n\t<div class=\"vc_column-inner\">\n\t\t<div class=\"wpb_wrapper\" >\n\t\t\t\n\t\t\t<!-- START overonsslider REVOLUTION SLIDER 6.5.16 --><p class=\"rs-p-wp-fix\"><\/p>\n\t\t\t<rs-module-wrap id=\"rev_slider_1_1_wrapper\" data-source=\"gallery\" style=\"visibility:hidden;background:transparent;padding:0;margin:0px auto;margin-top:0;margin-bottom:0;\">\n\t\t\t\t<rs-module id=\"rev_slider_1_1\" style=\"\" data-version=\"6.5.16\">\n\t\t\t\t\t<rs-slides>\n\t\t\t\t\t\t<rs-slide style=\"position: absolute;\" data-key=\"rs-1\" data-title=\"Slide\" data-ssop=\"true\" data-anim=\"ms:600;\" data-in=\"o:0;\" data-out=\"a:false;\">\n\t\t\t\t\t\t\t<img decoding=\"async\" src=\"\/\/lagunaone-mijas.com\/wp-content\/plugins\/revslider\/public\/assets\/assets\/dummy.png\" alt=\"Skluzavka\" title=\"O n\u00e1s\" class=\"rev-slidebg tp-rs-img rs-lazyload\" data-lazyload=\"\/\/lagunaone-mijas.com\/wp-content\/plugins\/revslider\/public\/assets\/assets\/transparent.png\" data-no-retina>\n<!--\n\t\t\t\t\t\t\t--><rs-layer\n\t\t\t\t\t\t\t\tid=\"slider-1-slide-1-layer-7\" \n\t\t\t\t\t\t\t\tdata-type=\"image\"\n\t\t\t\t\t\t\t\tdata-rsp_ch=\"on\"\n\t\t\t\t\t\t\t\tdata-xy=\"x:-101px;y:-112px;\"\n\t\t\t\t\t\t\t\tdata-text=\"l:22;a:inherit;\"\n\t\t\t\t\t\t\t\tdata-dim=\"w:1448px;h:724px;\"\n\t\t\t\t\t\t\t\tdata-frame_0=\"tp:600;\"\n\t\t\t\t\t\t\t\tdata-frame_1=\"tp:600;st:0;\"\n\t\t\t\t\t\t\t\tdata-frame_999=\"o:0;tp:600;st:w;sR:5700;\"\n\t\t\t\t\t\t\t\tstyle=\"z-index:5;\"\n\t\t\t\t\t\t\t><img fetchpriority=\"high\" decoding=\"async\" src=\"\/\/lagunaone-mijas.com\/wp-content\/plugins\/revslider\/public\/assets\/assets\/dummy.png\" alt=\"\" class=\"tp-rs-img rs-lazyload\" width=\"1456\" height=\"728\" data-lazyload=\"\/\/new.minisites.casadelmar.nl\/wp-content\/uploads\/sites\/10\/2022\/10\/slg-property-alharin-vista-golf-1.jpg\" data-no-retina> \n\t\t\t\t\t\t\t<\/rs-layer><!--\n-->\t\t\t\t\t\t<\/rs-slide>\n\t\t\t\t\t<\/rs-slides>\n\t\t\t\t<\/rs-module>\n\t\t\t\t<script>\n\t\t\t\t\tsetREVStartSize({c: 'rev_slider_1_1',rl:[1240,1024,778,480],el:[464],gw:[1240],gh:[464],type:'standard',justify:'',layout:'fullwidth',mh:\"0\"});if (window.RS_MODULES!==undefined && window.RS_MODULES.modules!==undefined && window.RS_MODULES.modules[\"revslider11\"]!==undefined) {window.RS_MODULES.modules[\"revslider11\"].once = false;window.revapi1 = undefined;if (window.RS_MODULES.checkMinimal!==undefined) window.RS_MODULES.checkMinimal()}\n\t\t\t\t<\/script>\n\t\t\t<\/rs-module-wrap>\n\t\t\t<!-- END REVOLUTION SLIDER -->\n\n\t<div class=\"wpb_text_column wpb_content_element\" >\n\t\t<div class=\"wpb_wrapper\">\n\t\t\t<p><!-- \/wp:post-content --><\/p>\n<p><!-- wp:shortcode --><\/p>\n\n\t\t<\/div>\n\t<\/div>\n\n\t\t<\/div>\n\t<\/div>\n\t<\/div>\n\n<\/div>\n<\/div>\n\n<div  class=\"content_row row vc_row wpb_row  default-style fullwidth\" >\n\t\n\t<div class=\"content_row_wrapper  default\" >\n\t<div id=\"asdasd\" class=\"vc_col-sm-12 wpb_column vc_column_container\" >\n\t<div class=\"vc_column-inner\">\n\t\t<div class=\"wpb_wrapper\" >\n\t\t\t\n\t<div class=\"wpb_text_column wpb_content_element\" >\n\t\t<div class=\"wpb_wrapper\">\n\t\t\t<h3>SLG Property \u2013 zku\u0161enosti, odbornost a nejv\u011bt\u0161\u00ed v\u00fdb\u011br na Costa del Sol<\/h3>\n<p>SLG Property se skl\u00e1d\u00e1 z t\u00fdmu zku\u0161en\u00fdch a odborn\u00fdch holandsky mluv\u00edc\u00edch realitn\u00edch makl\u00e9\u0159\u016f na pob\u0159e\u017e\u00ed Costa del Sol. Zakladatel Ron de Vries se ji\u017e v\u00edce ne\u017e dvacet let etabloval jako realitn\u00ed makl\u00e9\u0159 na pob\u0159e\u017e\u00ed Costa del Sol. D\u00edky rozs\u00e1hl\u00e9 s\u00edti projektov\u00fdch developer\u016f a \u0161pan\u011blsk\u00fdch bank je SLG jednou z m\u00e1la kancel\u00e1\u0159\u00ed na pob\u0159e\u017e\u00ed Costa del Sol, kter\u00e1 m\u016f\u017ee nab\u00eddnout t\u00e9m\u011b\u0159 v\u0161e. To znamen\u00e1, \u017ee SLG Property skute\u010dn\u011b klade va\u0161e p\u0159\u00e1n\u00ed na prvn\u00ed m\u00edsto. D\u00edky dobr\u00fdm vztah\u016fm s developery a \u0161pan\u011blsk\u00fdmi bankami m\u016f\u017ee SLG property nab\u00eddnout velmi zaj\u00edmav\u00e9 nov\u00e9 stavebn\u00ed projekty, zejm\u00e9na jako jeden z m\u00e1la ne\u0161pan\u011blsk\u00fdch makl\u00e9\u0159\u016f. V posledn\u00edch letech SLG Property prodala v\u011bt\u0161inu nov\u011b postaven\u00fdch nemovitost\u00ed holandsk\u00fdm a vl\u00e1msk\u00fdm klient\u016fm pro n\u011bkolik v\u011bt\u0161\u00edch \u0161pan\u011blsk\u00fdch bank. Golfov\u00e9 apartm\u00e1ny Alhaur\u00edn Vista Golf jsou velmi atraktivn\u00ed pro investory i jednotlivce. Apartm\u00e1ny se nach\u00e1zej\u00ed p\u0159\u00edmo na Alhaur\u00edn Golf a kousek od leti\u0161t\u011b a nejkr\u00e1sn\u011bj\u0161\u00edch pl\u00e1\u017e\u00ed Costa del Sol. Tyto novostavby jsou nacen\u011bny po konzultaci s bankou, aby se rychle prodaly. Nav\u00edc se jedn\u00e1 o novostavbu, kde nemus\u00edte \u010dekat roky, ale m\u016f\u017eete se okam\u017eit\u011b nast\u011bhovat. SLG m\u00e1 vlastn\u00ed webovou str\u00e1nku <a href=\"https:\/\/www.nieuwbouwspanje.com\" target=\"_blank\" rel=\"noopener\">\u0159ada nov\u00fdch stavebn\u00edch projekt\u016f na pob\u0159e\u017e\u00ed Costa del Sol<\/a> . Pro v\u00edce informac\u00ed nebo \u00favodn\u00ed sch\u016fzku n\u00e1s nev\u00e1hejte kontaktovat.<\/p>\n\n\t\t<\/div>\n\t<\/div>\n\n\t\t<\/div>\n\t<\/div>\n\t<\/div>\n\n<\/div>\n<\/div>\n\n<div  class=\"content_row row vc_row wpb_row  default-style fullwidth\" >\n\t\n\t<div class=\"content_row_wrapper  default\" >\n\t<div id=\"asdasd\" class=\"vc_col-sm-12 wpb_column vc_column_container\" >\n\t<div class=\"vc_column-inner\">\n\t\t<div class=\"wpb_wrapper\" >\n\t\t\t\n\t<div class=\"wpb_text_column wpb_content_element\" >\n\t\t<div class=\"wpb_wrapper\">\n\t\t\t<p><!-- \/wp:shortcode --><\/p>\n\n\t\t<\/div>\n\t<\/div>\n\n\t\t<\/div>\n\t<\/div>\n\t<\/div>\n\n<\/div>\n<\/div><\/section>","protected":false},"excerpt":{"rendered":"<p>\u2026 <a class=\"more-link\" href=\"https:\/\/lagunaone-mijas.com\/cs\/o-nas\/\">pokra\u010dovat ve \u010dten\u00ed<\/a><\/p>","protected":false},"author":1,"featured_media":0,"parent":0,"menu_order":0,"comment_status":"closed","ping_status":"closed","template":"","meta":{"footnotes":""},"class_list":["post-4069","page","type-page","status-publish","hentry"],"yoast_head":"<!-- This site is optimized with the Yoast SEO plugin v26.0 - https:\/\/yoast.com\/wordpress\/plugins\/seo\/ -->\n<title>Over ons - Laguna One Mijas<\/title>\n<meta name=\"robots\" content=\"index, follow, max-snippet:-1, max-image-preview:large, max-video-preview:-1\" \/>\n<link rel=\"canonical\" href=\"https:\/\/lagunaone-mijas.com\/cs\/o-nas\/\" \/>\n<meta property=\"og:locale\" content=\"cs_CZ\" \/>\n<meta property=\"og:type\" content=\"article\" \/>\n<meta property=\"og:title\" content=\"Over ons - Laguna One Mijas\" \/>\n<meta property=\"og:url\" content=\"https:\/\/lagunaone-mijas.com\/cs\/o-nas\/\" \/>\n<meta property=\"og:site_name\" content=\"Laguna One Mijas\" \/>\n<meta property=\"article:modified_time\" content=\"2022-10-20T10:45:42+00:00\" \/>\n<meta name=\"twitter:card\" content=\"summary_large_image\" \/>\n<meta name=\"twitter:label1\" content=\"Odhadovan\u00e1 doba \u010dten\u00ed\" \/>\n\t<meta name=\"twitter:data1\" content=\"2 minuty\" \/>\n<script type=\"application\/ld+json\" class=\"yoast-schema-graph\">{\"@context\":\"https:\/\/schema.org\",\"@graph\":[{\"@type\":\"WebPage\",\"@id\":\"https:\/\/lagunaone-mijas.com\/over-ons\/\",\"url\":\"https:\/\/lagunaone-mijas.com\/over-ons\/\",\"name\":\"Over ons - Laguna One Mijas\",\"isPartOf\":{\"@id\":\"https:\/\/lagunaone-mijas.com\/#website\"},\"datePublished\":\"2022-10-20T09:18:52+00:00\",\"dateModified\":\"2022-10-20T10:45:42+00:00\",\"breadcrumb\":{\"@id\":\"https:\/\/lagunaone-mijas.com\/over-ons\/#breadcrumb\"},\"inLanguage\":\"cs\",\"potentialAction\":[{\"@type\":\"ReadAction\",\"target\":[\"https:\/\/lagunaone-mijas.com\/over-ons\/\"]}]},{\"@type\":\"BreadcrumbList\",\"@id\":\"https:\/\/lagunaone-mijas.com\/over-ons\/#breadcrumb\",\"itemListElement\":[{\"@type\":\"ListItem\",\"position\":1,\"name\":\"Home\",\"item\":\"https:\/\/lagunaone-mijas.com\/\"},{\"@type\":\"ListItem\",\"position\":2,\"name\":\"Over ons\"}]},{\"@type\":\"WebSite\",\"@id\":\"https:\/\/lagunaone-mijas.com\/#website\",\"url\":\"https:\/\/lagunaone-mijas.com\/\",\"name\":\"Laguna One Mijas\",\"description\":\"Leef de leefstijl die je verdient\",\"potentialAction\":[{\"@type\":\"SearchAction\",\"target\":{\"@type\":\"EntryPoint\",\"urlTemplate\":\"https:\/\/lagunaone-mijas.com\/?s={search_term_string}\"},\"query-input\":{\"@type\":\"PropertyValueSpecification\",\"valueRequired\":true,\"valueName\":\"search_term_string\"}}],\"inLanguage\":\"cs\"}]}<\/script>\n<!-- \/ Yoast SEO plugin. -->","yoast_head_json":{"title":"O n\u00e1s - Laguna One Mijas","robots":{"index":"index","follow":"follow","max-snippet":"max-snippet:-1","max-image-preview":"max-image-preview:large","max-video-preview":"max-video-preview:-1"},"canonical":"https:\/\/lagunaone-mijas.com\/cs\/o-nas\/","og_locale":"cs_CZ","og_type":"article","og_title":"Over ons - Laguna One Mijas","og_url":"https:\/\/lagunaone-mijas.com\/cs\/o-nas\/","og_site_name":"Laguna One Mijas","article_modified_time":"2022-10-20T10:45:42+00:00","twitter_card":"summary_large_image","twitter_misc":{"Odhadovan\u00e1 doba \u010dten\u00ed":"2 minuty"},"schema":{"@context":"https:\/\/schema.org","@graph":[{"@type":"WebPage","@id":"https:\/\/lagunaone-mijas.com\/over-ons\/","url":"https:\/\/lagunaone-mijas.com\/over-ons\/","name":"O n\u00e1s - Laguna One Mijas","isPartOf":{"@id":"https:\/\/lagunaone-mijas.com\/#website"},"datePublished":"2022-10-20T09:18:52+00:00","dateModified":"2022-10-20T10:45:42+00:00","breadcrumb":{"@id":"https:\/\/lagunaone-mijas.com\/over-ons\/#breadcrumb"},"inLanguage":"cs","potentialAction":[{"@type":"ReadAction","target":["https:\/\/lagunaone-mijas.com\/over-ons\/"]}]},{"@type":"BreadcrumbList","@id":"https:\/\/lagunaone-mijas.com\/over-ons\/#breadcrumb","itemListElement":[{"@type":"ListItem","position":1,"name":"Home","item":"https:\/\/lagunaone-mijas.com\/"},{"@type":"ListItem","position":2,"name":"Over ons"}]},{"@type":"WebSite","@id":"https:\/\/lagunaone-mijas.com\/#website","url":"https:\/\/lagunaone-mijas.com\/","name":"Laguna One Mijas","description":"\u017dijte \u017eivotn\u00ed styl, jak\u00fd si zaslou\u017e\u00edte","potentialAction":[{"@type":"SearchAction","target":{"@type":"EntryPoint","urlTemplate":"https:\/\/lagunaone-mijas.com\/?s={search_term_string}"},"query-input":{"@type":"PropertyValueSpecification","valueRequired":true,"valueName":"search_term_string"}}],"inLanguage":"cs"}]}},"_links":{"self":[{"href":"https:\/\/lagunaone-mijas.com\/cs\/wp-json\/wp\/v2\/pages\/4069","targetHints":{"allow":["GET"]}}],"collection":[{"href":"https:\/\/lagunaone-mijas.com\/cs\/wp-json\/wp\/v2\/pages"}],"about":[{"href":"https:\/\/lagunaone-mijas.com\/cs\/wp-json\/wp\/v2\/types\/page"}],"author":[{"embeddable":true,"href":"https:\/\/lagunaone-mijas.com\/cs\/wp-json\/wp\/v2\/users\/1"}],"replies":[{"embeddable":true,"href":"https:\/\/lagunaone-mijas.com\/cs\/wp-json\/wp\/v2\/comments?post=4069"}],"version-history":[{"count":15,"href":"https:\/\/lagunaone-mijas.com\/cs\/wp-json\/wp\/v2\/pages\/4069\/revisions"}],"predecessor-version":[{"id":4104,"href":"https:\/\/lagunaone-mijas.com\/cs\/wp-json\/wp\/v2\/pages\/4069\/revisions\/4104"}],"wp:attachment":[{"href":"https:\/\/lagunaone-mijas.com\/cs\/wp-json\/wp\/v2\/media?parent=4069"}],"curies":[{"name":"wp","href":"https:\/\/api.w.org\/{rel}","templated":true}]}}